{"id":289,"date":"2019-12-07T20:14:53","date_gmt":"2019-12-07T19:14:53","guid":{"rendered":"http:\/\/www.skinfeel.at\/shop\/?page_id=289"},"modified":"2022-01-19T19:03:21","modified_gmt":"2022-01-19T18:03:21","slug":"kinderbekleidung-individuell","status":"publish","type":"page","link":"https:\/\/www.skinfeel.at\/shop\/kinderbekleidung-individuell\/","title":{"rendered":"Kinderbekleidung (individuell)"},"content":{"rendered":"\n<style>.entry-header{text-align:center;}<\/style>\n\n\n\n<p class=\"has-text-align-center\"><strong>Kinderbekleidung<\/strong>\u00a0gefertigt in meiner Schneiderei gem\u00e4\u00df Ihren Vorstellungen und W\u00fcnschen.<br>Sie haben den Stoff und kommen mit  Ihren Vorstellungen.<br>Gemeinsam suchen wir das passende Modell aus, legen die Gr\u00f6\u00dfe fest\u00a0<br>und um alles weitere k\u00fcmmere ich mich.<br>In 1-2 Wochen erhalten Sie das fertige Kleidungsst\u00fcck f\u00fcr Ihr Kind.<\/p>\n\n\n\n<div style=\"height:50px\" aria-hidden=\"true\" class=\"wp-block-spacer\"><\/div>\n\n\n\n<figure class=\"wp-block-gallery columns-4 wp-block-gallery-1 is-layout-flex wp-block-gallery-is-layout-flex\"><ul class=\"blocks-gallery-grid\"><li class=\"blocks-gallery-item\"><figure><img fetchpriority=\"high\" decoding=\"async\" width=\"700\" height=\"1000\" src=\"http:\/\/www.skinfeel.at\/shop\/wp-content\/uploads\/2019\/12\/kinder-individuell-1.png\" alt=\"\" data-id=\"469\" data-full-url=\"http:\/\/www.skinfeel.at\/shop\/wp-content\/uploads\/2019\/12\/kinder-individuell-1.png\" data-link=\"http:\/\/www.skinfeel.at\/shop\/kinderbekleidung-individuell\/kinder-individuell-1\/\" class=\"wp-image-469\" srcset=\"https:\/\/www.skinfeel.at\/shop\/wp-content\/uploads\/2019\/12\/kinder-individuell-1.png 700w, https:\/\/www.skinfeel.at\/shop\/wp-content\/uploads\/2019\/12\/kinder-individuell-1-210x300.png 210w, https:\/\/www.skinfeel.at\/shop\/wp-content\/uploads\/2019\/12\/kinder-individuell-1-416x594.png 416w\" sizes=\"(max-width: 700px) 100vw, 700px\" \/><\/figure><\/li><li class=\"blocks-gallery-item\"><figure><img decoding=\"async\" width=\"700\" height=\"1000\" src=\"http:\/\/www.skinfeel.at\/shop\/wp-content\/uploads\/2019\/12\/kinder-individuell-2.png\" alt=\"\" data-id=\"470\" data-full-url=\"http:\/\/www.skinfeel.at\/shop\/wp-content\/uploads\/2019\/12\/kinder-individuell-2.png\" data-link=\"http:\/\/www.skinfeel.at\/shop\/kinderbekleidung-individuell\/kinder-individuell-2\/\" class=\"wp-image-470\" srcset=\"https:\/\/www.skinfeel.at\/shop\/wp-content\/uploads\/2019\/12\/kinder-individuell-2.png 700w, https:\/\/www.skinfeel.at\/shop\/wp-content\/uploads\/2019\/12\/kinder-individuell-2-210x300.png 210w, https:\/\/www.skinfeel.at\/shop\/wp-content\/uploads\/2019\/12\/kinder-individuell-2-416x594.png 416w\" sizes=\"(max-width: 700px) 100vw, 700px\" \/><\/figure><\/li><li class=\"blocks-gallery-item\"><figure><img decoding=\"async\" width=\"700\" height=\"1000\" src=\"http:\/\/www.skinfeel.at\/shop\/wp-content\/uploads\/2019\/12\/kinder-individuell-3.png\" alt=\"\" data-id=\"471\" data-full-url=\"http:\/\/www.skinfeel.at\/shop\/wp-content\/uploads\/2019\/12\/kinder-individuell-3.png\" data-link=\"http:\/\/www.skinfeel.at\/shop\/kinderbekleidung-individuell\/kinder-individuell-3\/\" class=\"wp-image-471\" srcset=\"https:\/\/www.skinfeel.at\/shop\/wp-content\/uploads\/2019\/12\/kinder-individuell-3.png 700w, https:\/\/www.skinfeel.at\/shop\/wp-content\/uploads\/2019\/12\/kinder-individuell-3-210x300.png 210w, https:\/\/www.skinfeel.at\/shop\/wp-content\/uploads\/2019\/12\/kinder-individuell-3-416x594.png 416w\" sizes=\"(max-width: 700px) 100vw, 700px\" \/><\/figure><\/li><li class=\"blocks-gallery-item\"><figure><img loading=\"lazy\" decoding=\"async\" width=\"700\" height=\"1000\" src=\"http:\/\/www.skinfeel.at\/shop\/wp-content\/uploads\/2019\/12\/kinder-individuell-4.png\" alt=\"\" data-id=\"472\" data-full-url=\"http:\/\/www.skinfeel.at\/shop\/wp-content\/uploads\/2019\/12\/kinder-individuell-4.png\" data-link=\"http:\/\/www.skinfeel.at\/shop\/kinderbekleidung-individuell\/kinder-individuell-4\/\" class=\"wp-image-472\" srcset=\"https:\/\/www.skinfeel.at\/shop\/wp-content\/uploads\/2019\/12\/kinder-individuell-4.png 700w, https:\/\/www.skinfeel.at\/shop\/wp-content\/uploads\/2019\/12\/kinder-individuell-4-210x300.png 210w, https:\/\/www.skinfeel.at\/shop\/wp-content\/uploads\/2019\/12\/kinder-individuell-4-416x594.png 416w\" sizes=\"(max-width: 700px) 100vw, 700px\" \/><\/figure><\/li><li class=\"blocks-gallery-item\"><figure><img loading=\"lazy\" decoding=\"async\" width=\"700\" height=\"1000\" src=\"http:\/\/www.skinfeel.at\/shop\/wp-content\/uploads\/2019\/12\/kinder-individuell-5.png\" alt=\"\" data-id=\"473\" data-full-url=\"http:\/\/www.skinfeel.at\/shop\/wp-content\/uploads\/2019\/12\/kinder-individuell-5.png\" data-link=\"http:\/\/www.skinfeel.at\/shop\/kinderbekleidung-individuell\/kinder-individuell-5\/\" class=\"wp-image-473\" srcset=\"https:\/\/www.skinfeel.at\/shop\/wp-content\/uploads\/2019\/12\/kinder-individuell-5.png 700w, https:\/\/www.skinfeel.at\/shop\/wp-content\/uploads\/2019\/12\/kinder-individuell-5-210x300.png 210w, https:\/\/www.skinfeel.at\/shop\/wp-content\/uploads\/2019\/12\/kinder-individuell-5-416x594.png 416w\" sizes=\"(max-width: 700px) 100vw, 700px\" \/><\/figure><\/li><li class=\"blocks-gallery-item\"><figure><img loading=\"lazy\" decoding=\"async\" width=\"700\" height=\"1000\" src=\"http:\/\/www.skinfeel.at\/shop\/wp-content\/uploads\/2019\/12\/kinder-individuell-6.png\" alt=\"\" data-id=\"474\" data-full-url=\"http:\/\/www.skinfeel.at\/shop\/wp-content\/uploads\/2019\/12\/kinder-individuell-6.png\" data-link=\"http:\/\/www.skinfeel.at\/shop\/kinderbekleidung-individuell\/kinder-individuell-6\/\" class=\"wp-image-474\" srcset=\"https:\/\/www.skinfeel.at\/shop\/wp-content\/uploads\/2019\/12\/kinder-individuell-6.png 700w, https:\/\/www.skinfeel.at\/shop\/wp-content\/uploads\/2019\/12\/kinder-individuell-6-210x300.png 210w, https:\/\/www.skinfeel.at\/shop\/wp-content\/uploads\/2019\/12\/kinder-individuell-6-416x594.png 416w\" sizes=\"(max-width: 700px) 100vw, 700px\" \/><\/figure><\/li><li class=\"blocks-gallery-item\"><figure><img loading=\"lazy\" decoding=\"async\" width=\"700\" height=\"1000\" src=\"http:\/\/www.skinfeel.at\/shop\/wp-content\/uploads\/2019\/12\/kinder-individuell-7.png\" alt=\"\" data-id=\"475\" data-full-url=\"http:\/\/www.skinfeel.at\/shop\/wp-content\/uploads\/2019\/12\/kinder-individuell-7.png\" data-link=\"http:\/\/www.skinfeel.at\/shop\/kinderbekleidung-individuell\/kinder-individuell-7\/\" class=\"wp-image-475\" srcset=\"https:\/\/www.skinfeel.at\/shop\/wp-content\/uploads\/2019\/12\/kinder-individuell-7.png 700w, https:\/\/www.skinfeel.at\/shop\/wp-content\/uploads\/2019\/12\/kinder-individuell-7-210x300.png 210w, https:\/\/www.skinfeel.at\/shop\/wp-content\/uploads\/2019\/12\/kinder-individuell-7-416x594.png 416w\" sizes=\"(max-width: 700px) 100vw, 700px\" \/><\/figure><\/li><li class=\"blocks-gallery-item\"><figure><img loading=\"lazy\" decoding=\"async\" width=\"700\" height=\"1000\" src=\"http:\/\/www.skinfeel.at\/shop\/wp-content\/uploads\/2019\/12\/kinder-individuell-8.png\" alt=\"\" data-id=\"476\" data-full-url=\"http:\/\/www.skinfeel.at\/shop\/wp-content\/uploads\/2019\/12\/kinder-individuell-8.png\" data-link=\"http:\/\/www.skinfeel.at\/shop\/kinderbekleidung-individuell\/kinder-individuell-8\/\" class=\"wp-image-476\" srcset=\"https:\/\/www.skinfeel.at\/shop\/wp-content\/uploads\/2019\/12\/kinder-individuell-8.png 700w, https:\/\/www.skinfeel.at\/shop\/wp-content\/uploads\/2019\/12\/kinder-individuell-8-210x300.png 210w, https:\/\/www.skinfeel.at\/shop\/wp-content\/uploads\/2019\/12\/kinder-individuell-8-416x594.png 416w\" sizes=\"(max-width: 700px) 100vw, 700px\" \/><\/figure><\/li><li class=\"blocks-gallery-item\"><figure><img loading=\"lazy\" decoding=\"async\" width=\"700\" height=\"1000\" src=\"http:\/\/www.skinfeel.at\/shop\/wp-content\/uploads\/2019\/12\/kinder-individuell-9.png\" alt=\"\" data-id=\"477\" data-full-url=\"http:\/\/www.skinfeel.at\/shop\/wp-content\/uploads\/2019\/12\/kinder-individuell-9.png\" data-link=\"http:\/\/www.skinfeel.at\/shop\/kinderbekleidung-individuell\/kinder-individuell-9\/\" class=\"wp-image-477\" srcset=\"https:\/\/www.skinfeel.at\/shop\/wp-content\/uploads\/2019\/12\/kinder-individuell-9.png 700w, https:\/\/www.skinfeel.at\/shop\/wp-content\/uploads\/2019\/12\/kinder-individuell-9-210x300.png 210w, https:\/\/www.skinfeel.at\/shop\/wp-content\/uploads\/2019\/12\/kinder-individuell-9-416x594.png 416w\" sizes=\"(max-width: 700px) 100vw, 700px\" \/><\/figure><\/li><li class=\"blocks-gallery-item\"><figure><img loading=\"lazy\" decoding=\"async\" width=\"700\" height=\"1000\" src=\"http:\/\/www.skinfeel.at\/shop\/wp-content\/uploads\/2019\/12\/kinder-individuell-10.png\" alt=\"\" data-id=\"478\" data-full-url=\"http:\/\/www.skinfeel.at\/shop\/wp-content\/uploads\/2019\/12\/kinder-individuell-10.png\" data-link=\"http:\/\/www.skinfeel.at\/shop\/kinderbekleidung-individuell\/kinder-individuell-10\/\" class=\"wp-image-478\" srcset=\"https:\/\/www.skinfeel.at\/shop\/wp-content\/uploads\/2019\/12\/kinder-individuell-10.png 700w, https:\/\/www.skinfeel.at\/shop\/wp-content\/uploads\/2019\/12\/kinder-individuell-10-210x300.png 210w, https:\/\/www.skinfeel.at\/shop\/wp-content\/uploads\/2019\/12\/kinder-individuell-10-416x594.png 416w\" sizes=\"(max-width: 700px) 100vw, 700px\" \/><\/figure><\/li><li class=\"blocks-gallery-item\"><figure><img loading=\"lazy\" decoding=\"async\" width=\"700\" height=\"1000\" src=\"http:\/\/www.skinfeel.at\/shop\/wp-content\/uploads\/2019\/12\/kinder-individuell-11.png\" alt=\"\" data-id=\"479\" data-full-url=\"http:\/\/www.skinfeel.at\/shop\/wp-content\/uploads\/2019\/12\/kinder-individuell-11.png\" data-link=\"http:\/\/www.skinfeel.at\/shop\/kinderbekleidung-individuell\/kinder-individuell-11\/\" class=\"wp-image-479\" srcset=\"https:\/\/www.skinfeel.at\/shop\/wp-content\/uploads\/2019\/12\/kinder-individuell-11.png 700w, https:\/\/www.skinfeel.at\/shop\/wp-content\/uploads\/2019\/12\/kinder-individuell-11-210x300.png 210w, https:\/\/www.skinfeel.at\/shop\/wp-content\/uploads\/2019\/12\/kinder-individuell-11-416x594.png 416w\" sizes=\"(max-width: 700px) 100vw, 700px\" \/><\/figure><\/li><li class=\"blocks-gallery-item\"><figure><img loading=\"lazy\" decoding=\"async\" width=\"700\" height=\"1000\" src=\"http:\/\/www.skinfeel.at\/shop\/wp-content\/uploads\/2019\/12\/kinder-individuell-12.png\" alt=\"\" data-id=\"480\" data-full-url=\"http:\/\/www.skinfeel.at\/shop\/wp-content\/uploads\/2019\/12\/kinder-individuell-12.png\" data-link=\"http:\/\/www.skinfeel.at\/shop\/kinderbekleidung-individuell\/kinder-individuell-12\/\" class=\"wp-image-480\" srcset=\"https:\/\/www.skinfeel.at\/shop\/wp-content\/uploads\/2019\/12\/kinder-individuell-12.png 700w, https:\/\/www.skinfeel.at\/shop\/wp-content\/uploads\/2019\/12\/kinder-individuell-12-210x300.png 210w, https:\/\/www.skinfeel.at\/shop\/wp-content\/uploads\/2019\/12\/kinder-individuell-12-416x594.png 416w\" sizes=\"(max-width: 700px) 100vw, 700px\" \/><\/figure><\/li><\/ul><\/figure>\n","protected":false},"excerpt":{"rendered":"<p>Kinderbekleidung\u00a0gefertigt in meiner Schneiderei gem\u00e4\u00df Ihren Vorstellungen und W\u00fcnschen.Sie haben den Stoff und kommen mit Ihren Vorstellungen.Gemeinsam suchen wir das passende Modell aus, legen die Gr\u00f6\u00dfe fest\u00a0und um alles weitere k\u00fcmmere ich mich.In 1-2 Wochen erhalten Sie das fertige Kleidungsst\u00fcck f\u00fcr Ihr Kind.<\/p>\n","protected":false},"author":1,"featured_media":0,"parent":0,"menu_order":0,"comment_status":"closed","ping_status":"closed","template":"","meta":{"footnotes":""},"jetpack_sharing_enabled":true,"_links":{"self":[{"href":"https:\/\/www.skinfeel.at\/shop\/wp-json\/wp\/v2\/pages\/289"}],"collection":[{"href":"https:\/\/www.skinfeel.at\/shop\/wp-json\/wp\/v2\/pages"}],"about":[{"href":"https:\/\/www.skinfeel.at\/shop\/wp-json\/wp\/v2\/types\/page"}],"author":[{"embeddable":true,"href":"https:\/\/www.skinfeel.at\/shop\/wp-json\/wp\/v2\/users\/1"}],"replies":[{"embeddable":true,"href":"https:\/\/www.skinfeel.at\/shop\/wp-json\/wp\/v2\/comments?post=289"}],"version-history":[{"count":10,"href":"https:\/\/www.skinfeel.at\/shop\/wp-json\/wp\/v2\/pages\/289\/revisions"}],"predecessor-version":[{"id":3358,"href":"https:\/\/www.skinfeel.at\/shop\/wp-json\/wp\/v2\/pages\/289\/revisions\/3358"}],"wp:attachment":[{"href":"https:\/\/www.skinfeel.at\/shop\/wp-json\/wp\/v2\/media?parent=289"}],"curies":[{"name":"wp","href":"https:\/\/api.w.org\/{rel}","templated":true}]}}