{"id":32,"date":"2019-10-19T17:58:04","date_gmt":"2019-10-19T15:58:04","guid":{"rendered":"http:\/\/www.skinfeel.at\/shop\/?page_id=32"},"modified":"2022-01-19T17:26:23","modified_gmt":"2022-01-19T16:26:23","slug":"startseite","status":"publish","type":"page","link":"https:\/\/www.skinfeel.at\/shop\/","title":{"rendered":"Startseite"},"content":{"rendered":"\n<style>\n.wp-block-button__link{width:100%;}\n<\/style>\n\n\n\n<div class=\"wp-block-columns is-layout-flex wp-container-core-columns-is-layout-1 wp-block-columns-is-layout-flex\">\n<div class=\"wp-block-column is-layout-flow wp-block-column-is-layout-flow\">\n<h2 class=\"has-text-align-center wp-block-heading\"><a href=\"https:\/\/www.skinfeel.at\/shop\/skinfeel-by-inge\/\"><strong>Skinfeel<\/strong> <strong>Textilien<\/strong><\/a><\/h2>\n\n\n\n<figure class=\"wp-block-image size-large is-style-default\"><a href=\"https:\/\/www.skinfeel.at\/shop\/skinfeel-by-inge\/\"><img fetchpriority=\"high\" decoding=\"async\" width=\"1024\" height=\"1005\" src=\"https:\/\/www.skinfeel.at\/shop\/wp-content\/uploads\/2021\/12\/Skinfeel-2021-9_Titelbild-1024x1005.jpg\" alt=\"\" class=\"wp-image-3254\" srcset=\"https:\/\/www.skinfeel.at\/shop\/wp-content\/uploads\/2021\/12\/Skinfeel-2021-9_Titelbild-1024x1005.jpg 1024w, https:\/\/www.skinfeel.at\/shop\/wp-content\/uploads\/2021\/12\/Skinfeel-2021-9_Titelbild-300x294.jpg 300w, https:\/\/www.skinfeel.at\/shop\/wp-content\/uploads\/2021\/12\/Skinfeel-2021-9_Titelbild-768x754.jpg 768w, https:\/\/www.skinfeel.at\/shop\/wp-content\/uploads\/2021\/12\/Skinfeel-2021-9_Titelbild-416x408.jpg 416w, https:\/\/www.skinfeel.at\/shop\/wp-content\/uploads\/2021\/12\/Skinfeel-2021-9_Titelbild.jpg 1088w\" sizes=\"(max-width: 1024px) 100vw, 1024px\" \/><\/a><\/figure>\n\n\n\n<div class=\"wp-block-button\"><a class=\"wp-block-button__link\" href=\"https:\/\/www.skinfeel.at\/shop\/skinfeel-by-inge\/\">Mehr erfahren<\/a><\/div>\n\n\n\n<p>W\u00e4sche von Skinfeel, f\u00fcr Ihre Gesundheit &amp; den absoluten Wohlf\u00fchleffekt<\/p>\n\n\n\n<ul id=\"block-f03bd955-9ff0-49d4-8596-e1df93232083\"><li>W\u00e4sche mit Wellnesseffekt<\/li><li>Weich wie Seide, <a href=\"https:\/\/www.skinfeel.at\/shop\/skinfeel-eigenschaften\/\">pflegende Eigenschaften<\/a><\/li><li>Designed und produziert in <strong>Ober\u00f6sterreich<\/strong><br><\/li><\/ul>\n<\/div>\n\n\n\n<div class=\"wp-block-column is-layout-flow wp-block-column-is-layout-flow\">\n<h2 class=\"has-text-align-center wp-block-heading\"><a href=\"https:\/\/www.skinfeel.at\/shop\/stickatelier\/\"><strong>Stickatelier<\/strong><\/a><\/h2>\n\n\n\n<figure class=\"wp-block-image size-large\"><a href=\"https:\/\/www.skinfeel.at\/shop\/stickatelier\/\"><img decoding=\"async\" width=\"1024\" height=\"1005\" src=\"https:\/\/www.skinfeel.at\/shop\/wp-content\/uploads\/2020\/02\/Bild1-1024x1005.jpg\" alt=\"\" class=\"wp-image-1079\" srcset=\"https:\/\/www.skinfeel.at\/shop\/wp-content\/uploads\/2020\/02\/Bild1-1024x1005.jpg 1024w, https:\/\/www.skinfeel.at\/shop\/wp-content\/uploads\/2020\/02\/Bild1-300x294.jpg 300w, https:\/\/www.skinfeel.at\/shop\/wp-content\/uploads\/2020\/02\/Bild1-768x754.jpg 768w, https:\/\/www.skinfeel.at\/shop\/wp-content\/uploads\/2020\/02\/Bild1-416x408.jpg 416w, https:\/\/www.skinfeel.at\/shop\/wp-content\/uploads\/2020\/02\/Bild1.jpg 1088w\" sizes=\"(max-width: 1024px) 100vw, 1024px\" \/><\/a><\/figure>\n\n\n\n<div class=\"wp-block-button\"><a class=\"wp-block-button__link\" href=\"https:\/\/www.skinfeel.at\/shop\/stickatelier\/\">Mehr erfahren<\/a><\/div>\n\n\n\n<p>Stickerei ist die exquisiteste Veredelung von Textilien welche sich auszeichnet durch:<\/p>\n\n\n\n<ul><li>Langlebigkeit<\/li><li>Waschbest\u00e4ndigkeit<\/li><li>Lichtbest\u00e4ndigkeit<\/li><\/ul>\n\n\n\n<p><\/p>\n<\/div>\n\n\n\n<div class=\"wp-block-column is-layout-flow wp-block-column-is-layout-flow\">\n<h2 class=\"has-text-align-center wp-block-heading\"><a href=\"https:\/\/www.skinfeel.at\/shop\/schneideratelier\/\"><strong>Schneideratelier <\/strong><\/a><\/h2>\n\n\n\n<figure class=\"wp-block-image size-large\"><a href=\"https:\/\/www.skinfeel.at\/shop\/schneideratelier\/\"><img decoding=\"async\" width=\"399\" height=\"397\" src=\"https:\/\/www.skinfeel.at\/shop\/wp-content\/uploads\/2022\/01\/Schneideratelier_start.png\" alt=\"\" class=\"wp-image-3301\" srcset=\"https:\/\/www.skinfeel.at\/shop\/wp-content\/uploads\/2022\/01\/Schneideratelier_start.png 399w, https:\/\/www.skinfeel.at\/shop\/wp-content\/uploads\/2022\/01\/Schneideratelier_start-300x298.png 300w, https:\/\/www.skinfeel.at\/shop\/wp-content\/uploads\/2022\/01\/Schneideratelier_start-150x150.png 150w, https:\/\/www.skinfeel.at\/shop\/wp-content\/uploads\/2022\/01\/Schneideratelier_start-100x100.png 100w\" sizes=\"(max-width: 399px) 100vw, 399px\" \/><\/a><\/figure>\n\n\n\n<div class=\"wp-block-button\"><a class=\"wp-block-button__link\" href=\"https:\/\/www.skinfeel.at\/shop\/schneideratelier\/\">Mehr erfahren<\/a><\/div>\n\n\n\n<ul><li>Herstellung <a href=\"https:\/\/www.skinfeel.at\/shop\/skinfeel-by-inge\/\">Skinfeel W\u00e4sche<\/a><\/li><li>\u00c4nderungsschneiderei<\/li><li>Vorhangservice<\/li><\/ul>\n\n\n\n<p>Individuelle W\u00fcnsche an Design, Gr\u00f6\u00dfe und Material m\u00f6glich.<\/p>\n<\/div>\n<\/div>\n\n\n\n<p><\/p>\n","protected":false},"excerpt":{"rendered":"<p>Skinfeel Textilien W\u00e4sche von Skinfeel, f\u00fcr Ihre Gesundheit &amp; den absoluten Wohlf\u00fchleffekt W\u00e4sche mit Wellnesseffekt Weich wie Seide, pflegende Eigenschaften Designed und produziert in Ober\u00f6sterreich Stickatelier Stickerei ist die exquisiteste Veredelung von Textilien welche sich auszeichnet durch: Langlebigkeit Waschbest\u00e4ndigkeit Lichtbest\u00e4ndigkeit Schneideratelier Herstellung Skinfeel W\u00e4sche \u00c4nderungsschneiderei Vorhangservice Individuelle W\u00fcnsche an Design, Gr\u00f6\u00dfe und Material m\u00f6glich.<\/p>\n","protected":false},"author":1,"featured_media":0,"parent":0,"menu_order":0,"comment_status":"closed","ping_status":"closed","template":"template-fullwidth.php","meta":{"footnotes":""},"jetpack_sharing_enabled":true,"_links":{"self":[{"href":"https:\/\/www.skinfeel.at\/shop\/wp-json\/wp\/v2\/pages\/32"}],"collection":[{"href":"https:\/\/www.skinfeel.at\/shop\/wp-json\/wp\/v2\/pages"}],"about":[{"href":"https:\/\/www.skinfeel.at\/shop\/wp-json\/wp\/v2\/types\/page"}],"author":[{"embeddable":true,"href":"https:\/\/www.skinfeel.at\/shop\/wp-json\/wp\/v2\/users\/1"}],"replies":[{"embeddable":true,"href":"https:\/\/www.skinfeel.at\/shop\/wp-json\/wp\/v2\/comments?post=32"}],"version-history":[{"count":43,"href":"https:\/\/www.skinfeel.at\/shop\/wp-json\/wp\/v2\/pages\/32\/revisions"}],"predecessor-version":[{"id":3348,"href":"https:\/\/www.skinfeel.at\/shop\/wp-json\/wp\/v2\/pages\/32\/revisions\/3348"}],"wp:attachment":[{"href":"https:\/\/www.skinfeel.at\/shop\/wp-json\/wp\/v2\/media?parent=32"}],"curies":[{"name":"wp","href":"https:\/\/api.w.org\/{rel}","templated":true}]}}