{"id":3278,"date":"2022-01-06T09:39:45","date_gmt":"2022-01-06T08:39:45","guid":{"rendered":"https:\/\/www.skinfeel.at\/shop\/?page_id=3278"},"modified":"2022-01-19T18:50:29","modified_gmt":"2022-01-19T17:50:29","slug":"schneideratelier","status":"publish","type":"page","link":"https:\/\/www.skinfeel.at\/shop\/schneideratelier\/","title":{"rendered":"Schneideratelier"},"content":{"rendered":"\n<p class=\"has-large-font-size\"><strong>Inge\u2019Schneideratelier<\/strong> wurde von mir im Jahre 2016 gegr\u00fcndet.<\/p>\n\n\n\n<div class=\"wp-block-group\"><div class=\"wp-block-group__inner-container is-layout-flow wp-block-group-is-layout-flow\">\n<div class=\"wp-block-columns is-layout-flex wp-container-core-columns-is-layout-1 wp-block-columns-is-layout-flex\">\n<div class=\"wp-block-column is-layout-flow wp-block-column-is-layout-flow\">\n<div class=\"wp-block-media-text alignwide is-stacked-on-mobile\"><figure class=\"wp-block-media-text__media\"><a href=\"https:\/\/www.skinfeel.at\/shop\/skinfeel-by-inge\/\"><img fetchpriority=\"high\" decoding=\"async\" width=\"1024\" height=\"1005\" src=\"https:\/\/www.skinfeel.at\/shop\/wp-content\/uploads\/2022\/01\/Skinfeel_collage-1024x1005.jpg\" alt=\"\" class=\"wp-image-3281\" srcset=\"https:\/\/www.skinfeel.at\/shop\/wp-content\/uploads\/2022\/01\/Skinfeel_collage-1024x1005.jpg 1024w, https:\/\/www.skinfeel.at\/shop\/wp-content\/uploads\/2022\/01\/Skinfeel_collage-300x294.jpg 300w, https:\/\/www.skinfeel.at\/shop\/wp-content\/uploads\/2022\/01\/Skinfeel_collage-768x754.jpg 768w, https:\/\/www.skinfeel.at\/shop\/wp-content\/uploads\/2022\/01\/Skinfeel_collage-416x408.jpg 416w, https:\/\/www.skinfeel.at\/shop\/wp-content\/uploads\/2022\/01\/Skinfeel_collage.jpg 1088w\" sizes=\"(max-width: 1024px) 100vw, 1024px\" \/><\/a><\/figure><div class=\"wp-block-media-text__content\">\n<p class=\"has-normal-font-size\">Im Fokus der Arbeiten steht die hochwertige <strong><a href=\"https:\/\/www.skinfeel.at\/shop\/skinfeel-by-inge\/\">Skinfeel-W\u00e4schelinie<\/a><\/strong> f\u00fcr Baby-, Kinder- u. Damenw\u00e4sche. Dazu gibt es in Inge\u2019Schneideratelier einen eigenen, kleinen, aber feinen Ausstellungsbereich zum Gustieren und Ausw\u00e4hlen.<\/p>\n\n\n\n<p>Skinfeel W\u00e4sche bietet exzellentes Tragegef\u00fchl und tolle Eigenschaften. Sie ist<\/p>\n\n\n\n<ul><li>weich, wie Seide<\/li><li>anschmiegsam und sanft zur Haut<\/li><li>atmungsaktiv und temperaturausgleichend<\/li><li>hautschonend und pflegend, durch die Wirkstoffe der Alge<\/li><\/ul>\n\n\n\n<p>Bei Skinfeel werden nur Materialien mit dem&nbsp;<strong>\u00d6koTex Standard100 Zertifikat&nbsp;<\/strong>verwendet, denn Gesundheit ist unser h\u00f6chstes Gut.<\/p>\n<\/div><\/div>\n\n\n\n<div class=\"wp-block-media-text alignwide is-stacked-on-mobile\"><figure class=\"wp-block-media-text__media\"><img decoding=\"async\" width=\"1024\" height=\"1005\" src=\"https:\/\/www.skinfeel.at\/shop\/wp-content\/uploads\/2022\/01\/Maschinen_collage_Fertig-1024x1005.jpg\" alt=\"\" class=\"wp-image-3285\" srcset=\"https:\/\/www.skinfeel.at\/shop\/wp-content\/uploads\/2022\/01\/Maschinen_collage_Fertig-1024x1005.jpg 1024w, https:\/\/www.skinfeel.at\/shop\/wp-content\/uploads\/2022\/01\/Maschinen_collage_Fertig-300x294.jpg 300w, https:\/\/www.skinfeel.at\/shop\/wp-content\/uploads\/2022\/01\/Maschinen_collage_Fertig-768x754.jpg 768w, https:\/\/www.skinfeel.at\/shop\/wp-content\/uploads\/2022\/01\/Maschinen_collage_Fertig-416x408.jpg 416w, https:\/\/www.skinfeel.at\/shop\/wp-content\/uploads\/2022\/01\/Maschinen_collage_Fertig.jpg 1088w\" sizes=\"(max-width: 1024px) 100vw, 1024px\" \/><\/figure><div class=\"wp-block-media-text__content\">\n<p class=\"has-normal-font-size\">Ein weiteres Standbein ist ein umfangreicher <strong>\u00c4nderungs<\/strong>&#8211; u. <strong>Vorhangservice<\/strong>.<\/p>\n\n\n\n<p>Dazu ist Inge\u2019Schneideratelier mit modernen Maschinen ausgestattet.<\/p>\n\n\n\n<ul><li>Overlockmaschine f\u00fcr saubere Kanten bei allen Materialien<\/li><li>Steppstichmaschine f\u00fcr alle g\u00e4ngigen N\u00e4hte<\/li><li>3-Nadel \u00dcberdeckmaschine mit bis zu 5 Sticharten f\u00fcr alle elastischen N\u00e4hte (z.B.: Jersey bei T-Shirt, W\u00e4sche, Sportbekleidung, usw\u2026.)<\/li><li>Blindstichmaschine f\u00fcr alle Saumarbeiten, die nicht sichtbar sind<\/li><\/ul>\n<\/div><\/div>\n\n\n\n<div class=\"wp-block-media-text alignwide is-stacked-on-mobile\"><figure class=\"wp-block-media-text__media\"><img decoding=\"async\" width=\"1024\" height=\"1005\" src=\"https:\/\/www.skinfeel.at\/shop\/wp-content\/uploads\/2022\/01\/Vorhang01_collage-1024x1005.jpg\" alt=\"\" class=\"wp-image-3289\" srcset=\"https:\/\/www.skinfeel.at\/shop\/wp-content\/uploads\/2022\/01\/Vorhang01_collage-1024x1005.jpg 1024w, https:\/\/www.skinfeel.at\/shop\/wp-content\/uploads\/2022\/01\/Vorhang01_collage-300x294.jpg 300w, https:\/\/www.skinfeel.at\/shop\/wp-content\/uploads\/2022\/01\/Vorhang01_collage-768x754.jpg 768w, https:\/\/www.skinfeel.at\/shop\/wp-content\/uploads\/2022\/01\/Vorhang01_collage-416x408.jpg 416w, https:\/\/www.skinfeel.at\/shop\/wp-content\/uploads\/2022\/01\/Vorhang01_collage.jpg 1088w\" sizes=\"(max-width: 1024px) 100vw, 1024px\" \/><\/figure><div class=\"wp-block-media-text__content\">\n<p class=\"has-normal-font-size\">Der<strong> Vorhangservice <\/strong>umfasst das N\u00e4hen von<\/p>\n\n\n\n<ul><li>Vorh\u00e4ngen und Gardinen<\/li><li>Rollos<\/li><li>Kissenh\u00fcllen und Tischw\u00e4sche<br>in enger Zusammenarbeit mit der Raumausstattung <strong><a href=\"http:\/\/www.andreaswoboda.at\">Home &amp; Garden<\/a><\/strong> von Andrea Swoboda aus Schwanenstadt.\u00a0\u00a0\u00a0<\/li><\/ul>\n\n\n\n<p><strong>\u00c4nderungsservice<\/strong> f\u00fcr Damen-. Herren-, Kinder- u. Sportbekleidung<\/p>\n\n\n\n<ul><li>K\u00fcrzen von Hosen und R\u00f6cken<\/li><li>K\u00fcrzen von Blusen, Hemden, Jacken und M\u00e4ntel (L\u00e4nge u. \u00c4rmel)<\/li><li>Umarbeiten von Dirndl- , Abendkleidern (L\u00e4nge, Weite, etc..)<\/li><li>Auswechseln von Rei\u00dfverschl\u00fcssen bei Jacken, M\u00e4ntel u. Hosen (bei Jeans bitte extra anfragen)<\/li><li>K\u00fcrzen von Vorh\u00e4ngen und Gardinen<\/li><li>Diverse Ausbesserungsarbeiten<\/li><\/ul>\n\n\n\n<p>Hier geht\u2019s zur <a href=\"https:\/\/www.skinfeel.at\/shop\/wp-content\/uploads\/2022\/01\/Preisliste_Skinfeel.pdf\" target=\"_blank\" rel=\"noreferrer noopener\">Preisliste<\/a>.<br>Die Preise berechnen sich nach Zeit und Aufwand und sind daher \u201eca.\u201c Angaben.<\/p>\n<\/div><\/div>\n<\/div>\n<\/div>\n\n\n\n<p><\/p>\n<\/div><\/div>\n\n\n\n<p><\/p>\n","protected":false},"excerpt":{"rendered":"<p>Inge\u2019Schneideratelier wurde von mir im Jahre 2016 gegr\u00fcndet. Im Fokus der Arbeiten steht die hochwertige Skinfeel-W\u00e4schelinie f\u00fcr Baby-, Kinder- u. Damenw\u00e4sche. Dazu gibt es in Inge\u2019Schneideratelier einen eigenen, kleinen, aber feinen Ausstellungsbereich zum Gustieren und Ausw\u00e4hlen. Skinfeel W\u00e4sche bietet exzellentes Tragegef\u00fchl und tolle Eigenschaften. Sie ist weich, wie Seide anschmiegsam und sanft zur Haut atmungsaktiv [&hellip;]<\/p>\n","protected":false},"author":2,"featured_media":0,"parent":0,"menu_order":0,"comment_status":"closed","ping_status":"closed","template":"","meta":{"footnotes":""},"jetpack_sharing_enabled":true,"_links":{"self":[{"href":"https:\/\/www.skinfeel.at\/shop\/wp-json\/wp\/v2\/pages\/3278"}],"collection":[{"href":"https:\/\/www.skinfeel.at\/shop\/wp-json\/wp\/v2\/pages"}],"about":[{"href":"https:\/\/www.skinfeel.at\/shop\/wp-json\/wp\/v2\/types\/page"}],"author":[{"embeddable":true,"href":"https:\/\/www.skinfeel.at\/shop\/wp-json\/wp\/v2\/users\/2"}],"replies":[{"embeddable":true,"href":"https:\/\/www.skinfeel.at\/shop\/wp-json\/wp\/v2\/comments?post=3278"}],"version-history":[{"count":14,"href":"https:\/\/www.skinfeel.at\/shop\/wp-json\/wp\/v2\/pages\/3278\/revisions"}],"predecessor-version":[{"id":3354,"href":"https:\/\/www.skinfeel.at\/shop\/wp-json\/wp\/v2\/pages\/3278\/revisions\/3354"}],"wp:attachment":[{"href":"https:\/\/www.skinfeel.at\/shop\/wp-json\/wp\/v2\/media?parent=3278"}],"curies":[{"name":"wp","href":"https:\/\/api.w.org\/{rel}","templated":true}]}}