{"id":3311,"date":"2022-01-18T08:36:51","date_gmt":"2022-01-18T07:36:51","guid":{"rendered":"https:\/\/www.skinfeel.at\/shop\/?page_id=3311"},"modified":"2022-01-19T18:56:37","modified_gmt":"2022-01-19T17:56:37","slug":"skinfeel-eigenschaften","status":"publish","type":"page","link":"https:\/\/www.skinfeel.at\/shop\/skinfeel-eigenschaften\/","title":{"rendered":"Skinfeel &#8211; Herstellung und Eigenschaften"},"content":{"rendered":"\n<p class=\"has-text-align-center has-large-font-size\"><strong>Skinfeel &#8211; Produkte zum Verlieben, so herrlich weich und sanft.<\/strong><\/p>\n\n\n\n<p><strong>W\u00e4sche zum Verlieben, denn die pflegende W\u00e4sche von Skinfeel ist so herrlich weich, zart und anschmiegsam zur Haut und schenkt dir Wohlbefinden bei Tag und Nacht<\/strong>.<\/p>\n\n\n\n<p>Das Material von Skinfeel besteht aus nat\u00fcrlichen und nachhaltigen Rohstoffen direkt aus unserem Wald und dem Meer, somit bietet Skinfeel uns und unserer Haut die nat\u00fcrlichen Eigenschaften der Natur. <\/p>\n\n\n\n<div class=\"wp-block-image is-style-default\"><figure class=\"aligncenter size-large is-resized\"><img fetchpriority=\"high\" decoding=\"async\" src=\"https:\/\/www.skinfeel.at\/shop\/wp-content\/uploads\/2022\/01\/Bild1-1024x225.png\" alt=\"Der Werdegang vom Rohstoff zu den Produkten von Skinfeel\n\" class=\"wp-image-3327\" width=\"1024\" height=\"225\" srcset=\"https:\/\/www.skinfeel.at\/shop\/wp-content\/uploads\/2022\/01\/Bild1-1024x225.png 1024w, https:\/\/www.skinfeel.at\/shop\/wp-content\/uploads\/2022\/01\/Bild1-300x66.png 300w, https:\/\/www.skinfeel.at\/shop\/wp-content\/uploads\/2022\/01\/Bild1-768x169.png 768w, https:\/\/www.skinfeel.at\/shop\/wp-content\/uploads\/2022\/01\/Bild1-416x91.png 416w, https:\/\/www.skinfeel.at\/shop\/wp-content\/uploads\/2022\/01\/Bild1.png 1463w\" sizes=\"(max-width: 1024px) 100vw, 1024px\" \/><figcaption><strong>Der Werdegang vom Rohstoff zu den Produkten von Skinfeel<\/strong><\/figcaption><\/figure><\/div>\n\n\n\n<p>Das f\u00fcr Skinfeel verwendete Material hat ihren Ursprung in den Buchenw\u00e4ldern Nord- und Mitteleuropas, denn die Faser f\u00fcr Skinfeel wird aus Holz hergestellt. Holz ist eine nachhaltige Rohstoffquelle, die die Umwelt schont, nicht k\u00fcnstlich bew\u00e4ssert werden muss und sich \u00fcber &#8222;Verj\u00fcngung&#8220; vermehrt. Dank dieser Rohstoffquelle haben die Produkte von Skinfeel exzellente Eigenschaften:<\/p>\n\n\n\n<ul id=\"block-157f731f-167a-4da2-bc79-afb69ab40aaa\"><li>extra weicher, sensitiver Griff<\/li><li>anschmiegsam und sanft zur Haut<\/li><li>atmungsaktiv und temperaturausgleichend<\/li><li>optimaler Feuchtigkeitsaustausch<\/li><li>formbest\u00e4ndig<\/li><li>l\u00e4dt sich nicht statisch auf<\/li><\/ul>\n\n\n\n<p><\/p>\n\n\n\n<p>Der spezielle Zusatz bei dem, f\u00fcr die Produkte von Skinfeel verwendetem Material, ist ein Extrakt, gewonnen aus den Braunalgen der n\u00f6rdlichen K\u00fcsten Europas. Diese werden, um die Umwelt im Gleichgewicht zu halten, nur alle 4 Jahre an der selben Stelle geerntet und f\u00fcr die Faserproduktion aufbereitet. Durch die nat\u00fcrliche Hautfeuchtigkeit werden die <strong>Inhaltstoffe der &#8222;Alge&#8220;<\/strong>, welche im Herstellungsprozess direkt in die Faser eingebracht werden, freigesetzt. Der Algenwirkstoff, der auch in der Naturkosmetik verwendet wird,<\/p>\n\n\n\n<ul><li><strong>f\u00f6rdert<\/strong> die Hautdurchblutung<\/li><li><strong>regt <\/strong>die &nbsp;Hautzellenerneuerung an<\/li><li><strong>sch\u00fctzt<\/strong> vor vorzeitiger Hautalterung<\/li><li><strong>wirkt<\/strong> hautschonend und pflegend.<br><\/li><\/ul>\n\n\n\n<p>In meiner Schneiderei wird dieses Material zu den einzelnen Produkten von Skinfeel in liebevoller Handarbeit verarbeitet. Dabei kann ich auf individuelle W\u00fcnsche eingehen und du bekommst unter Garantie dein Wunschteil &#8222;Made in Austria&#8220;. <\/p>\n\n\n\n<p>Um das Scheuern auf der Haut zu verhindern, setze ich extra feines N\u00e4hgarn, abgestimmt auf das Material ein. Mit speziellen Maschinen in der Schneiderei wird die W\u00e4sche von Skinfeel  mit Flachn\u00e4hten gen\u00e4ht und geben den Skinfeel Produkten den letzten Schliff f\u00fcr ein hervorragendes Tragegef\u00fchl. <\/p>\n\n\n\n<p>H\u00f6chste Qualit\u00e4t vom Rohstoff, der Stoffherstellung und der Verarbeitung zu den einzelnen Produkten ist in der Schneiderei bei Skinfeel selbstverst\u00e4ndlich. Gesundheit ist unser h\u00f6chstes Gut, vom Baby bis ins hohe Alter, darum werden nur Materialien, die das \u00d6koTex Standard 100 Zertifikat der Klassen I u. II. (f\u00fcr Babyhaut, bzw. zum Tragen mit direktem Hautkontakt geeignet) verwendet. <\/p>\n\n\n\n<div class=\"wp-block-image is-style-default\"><figure class=\"aligncenter size-large\"><img decoding=\"async\" width=\"268\" height=\"134\" src=\"https:\/\/www.skinfeel.at\/shop\/wp-content\/uploads\/2022\/01\/oekotex100_certificate.png\" alt=\"\" class=\"wp-image-3314\"\/><\/figure><\/div>\n\n\n\n<p>Hier geht&#8217;s zu den tollen Produkten von Skinfeel.<\/p>\n","protected":false},"excerpt":{"rendered":"<p>Skinfeel &#8211; Produkte zum Verlieben, so herrlich weich und sanft. W\u00e4sche zum Verlieben, denn die pflegende W\u00e4sche von Skinfeel ist so herrlich weich, zart und anschmiegsam zur Haut und schenkt dir Wohlbefinden bei Tag und Nacht. Das Material von Skinfeel besteht aus nat\u00fcrlichen und nachhaltigen Rohstoffen direkt aus unserem Wald und dem Meer, somit bietet [&hellip;]<\/p>\n","protected":false},"author":2,"featured_media":0,"parent":0,"menu_order":0,"comment_status":"closed","ping_status":"closed","template":"","meta":{"footnotes":""},"jetpack_sharing_enabled":true,"_links":{"self":[{"href":"https:\/\/www.skinfeel.at\/shop\/wp-json\/wp\/v2\/pages\/3311"}],"collection":[{"href":"https:\/\/www.skinfeel.at\/shop\/wp-json\/wp\/v2\/pages"}],"about":[{"href":"https:\/\/www.skinfeel.at\/shop\/wp-json\/wp\/v2\/types\/page"}],"author":[{"embeddable":true,"href":"https:\/\/www.skinfeel.at\/shop\/wp-json\/wp\/v2\/users\/2"}],"replies":[{"embeddable":true,"href":"https:\/\/www.skinfeel.at\/shop\/wp-json\/wp\/v2\/comments?post=3311"}],"version-history":[{"count":21,"href":"https:\/\/www.skinfeel.at\/shop\/wp-json\/wp\/v2\/pages\/3311\/revisions"}],"predecessor-version":[{"id":3357,"href":"https:\/\/www.skinfeel.at\/shop\/wp-json\/wp\/v2\/pages\/3311\/revisions\/3357"}],"wp:attachment":[{"href":"https:\/\/www.skinfeel.at\/shop\/wp-json\/wp\/v2\/media?parent=3311"}],"curies":[{"name":"wp","href":"https:\/\/api.w.org\/{rel}","templated":true}]}}