{"id":49,"date":"2019-10-19T17:58:05","date_gmt":"2019-10-19T15:58:05","guid":{"rendered":"http:\/\/www.skinfeel.at\/shop\/?page_id=49"},"modified":"2020-01-16T08:48:04","modified_gmt":"2020-01-16T07:48:04","slug":"stickatelier","status":"publish","type":"page","link":"https:\/\/www.skinfeel.at\/shop\/stickatelier\/","title":{"rendered":"Stickatelier"},"content":{"rendered":"\n<style>.entry-header{text-align:center;}<\/style>\n\n\n\n<div class=\"wp-block-columns is-layout-flex wp-container-core-columns-is-layout-1 wp-block-columns-is-layout-flex\">\n<div class=\"wp-block-column is-layout-flow wp-block-column-is-layout-flow\">\n<h2>Stickerei<\/h2>\n<p>ist die exquisiteste Veredelung von Textilien welche sich auszeichnet durch:<\/p>\n<ul>\n<li>Langlebigkeit<\/li>\n<li>Waschbest\u00e4ndigkeit<\/li>\n<li>Lichtbest\u00e4ndigkeit<\/li>\n<\/ul>\n<p>F\u00fcr Ihren <strong>einheitlichen<\/strong> Auftritt, Ihre Kunden- u. Mitarbeitergeschenke biete ich:<\/p>\n<ul>\n<li>professionelle Erstellung ihrer Stickmotive<\/li>\n<li>Bestellung ihrer Wunschartikel (siehe Shop)<\/li>\n<li>hochwertige Bestickung (direkt od. als Label)<\/li>\n<li>termingerechte Abwicklung ihrer Auftr\u00e4ge<\/li>\n<\/ul>\n<p>Dazu w\u00e4hlen Sie Textilien in verschiedenen Qualit\u00e4ts- u. Preisklassen. (siehe Shop)<\/p>\n<h4>Direktstick<\/h4>\n<p>Der Stick wird nach Ihren Vorstellungen kreiert und direkt auf das Teil (Shirt, Polo, usw..) gestickt.<\/p>\n<ul>\n<li>Namen in vielen unterschiedlichen Schriftarten<\/li>\n<li>Namen in Kombination mit Ihrem Motiv<\/li>\n<li>Motiv<\/li>\n<\/ul>\n<h4>Label<\/h4>\n<p>Der gew\u00fcnschte Stick wird auf einen Grundstoff gestickt, ausgeschnitten und dann auf dem gew\u00fcnschten Teil angebracht. Das Label bzw. der Stick kann wieder entfernt werden.<\/p>\n<h4>Leuchtender Stick<\/h4>\n<p>Das phosphoreszierende Stickgarn (leuchtet im Dunkeln nach) sorgt f\u00fcr besondere Effekte. z.B.: auf Kinder -Nachtw\u00e4sche oder auf Bekleidung, die in Bars und Discos getragen wird.<\/p>\n<h4>Wie entsteht ein Motiv &#8211; Stick?<\/h4>\n<p>Um einen Artikel besticken zu k\u00f6nnen, ist ein Programm erforderlich. Als Vorlage sind daf\u00fcr hochaufl\u00f6sende Dateien in folgenden Formaten geeignet. (JPG, PDF, PNG) Das gew\u00fcnschte Motiv wird dann gepuncht (in ein Stickprogramm) umgewandelt. Dabei werden Fl\u00e4chen und Konturen sehr detailiert bearbeitet.<\/p>\n<h4>Qualit\u00e4t<\/h4>\n<p>Bei meinen Stickgarnen achte ich auf Qualit\u00e4t und das \u201e\u00d6kotex\u00ae Standard 100\u201c Zertifikat. Die verwendeten Stickgarne sind licht- und waschecht und k\u00f6nnen bei Bedarf mit bis zu 60\u00b0 gewaschen werden.<\/p>\n<h4>Preise<\/h4>\n<p>F\u00fcr die Motiv-Stickerei richtet sich der Preis je nach Motiv nach:<\/p>\n<ul>\n<li>Gr\u00f6\u00dfe \u2013 Stichanzahl<\/li>\n<li>Farben \u2013 Farbwechsel<\/li>\n<li>Einzelheiten des Motivs<\/li>\n<\/ul>\n<p>F\u00fcr das Erstellen des Stickprogrammes fallen <strong>einmalige<\/strong> Kosten zwischen \u20ac12,00 bis \u20ac30,00 abh\u00e4ngig vom Motiv an. Bei einem Folgeauftrag entfallen diese Kosten, da das Motiv bei mir gespeichert bleibt.<\/p>\n<p>Der genaue Preis kann erst nach \u00dcbermittelung Ihrer Vorstellungen berechnet werden. Kontaktieren Sie mich \u00fcber das Kontaktformular oder unter <a href=\"office@skinfeel.at\">office@skinfeel.at<\/a><\/p>\n<\/div>\n\n\n\n<div class=\"wp-block-column is-layout-flow wp-block-column-is-layout-flow\">\n<h2 class=\"wp-block-heading\">Referenzen<\/h2>\n\n\n\n<figure class=\"wp-block-gallery columns-3 wp-block-gallery-1 is-layout-flex wp-block-gallery-is-layout-flex\"><ul class=\"blocks-gallery-grid\"><li class=\"blocks-gallery-item\"><figure><img decoding=\"async\" width=\"258\" height=\"92\" src=\"http:\/\/www.skinfeel.at\/shop\/wp-content\/uploads\/2019\/12\/image092.jpg\" alt=\"\" data-id=\"385\" data-full-url=\"http:\/\/www.skinfeel.at\/shop\/wp-content\/uploads\/2019\/12\/image092.jpg\" data-link=\"http:\/\/www.skinfeel.at\/shop\/referenzen\/image092\/\" class=\"wp-image-385\"\/><\/figure><\/li><li class=\"blocks-gallery-item\"><figure><img decoding=\"async\" width=\"217\" height=\"174\" src=\"http:\/\/www.skinfeel.at\/shop\/wp-content\/uploads\/2019\/12\/image090.jpg\" alt=\"\" data-id=\"384\" data-full-url=\"http:\/\/www.skinfeel.at\/shop\/wp-content\/uploads\/2019\/12\/image090.jpg\" data-link=\"http:\/\/www.skinfeel.at\/shop\/referenzen\/image090\/\" class=\"wp-image-384\"\/><\/figure><\/li><li class=\"blocks-gallery-item\"><figure><img decoding=\"async\" width=\"223\" height=\"106\" src=\"http:\/\/www.skinfeel.at\/shop\/wp-content\/uploads\/2019\/12\/image088.jpg\" alt=\"\" data-id=\"383\" data-full-url=\"http:\/\/www.skinfeel.at\/shop\/wp-content\/uploads\/2019\/12\/image088.jpg\" data-link=\"http:\/\/www.skinfeel.at\/shop\/referenzen\/image088\/\" class=\"wp-image-383\"\/><\/figure><\/li><li class=\"blocks-gallery-item\"><figure><img loading=\"lazy\" decoding=\"async\" width=\"200\" height=\"83\" src=\"http:\/\/www.skinfeel.at\/shop\/wp-content\/uploads\/2019\/12\/image086.jpg\" alt=\"\" data-id=\"382\" data-full-url=\"http:\/\/www.skinfeel.at\/shop\/wp-content\/uploads\/2019\/12\/image086.jpg\" data-link=\"http:\/\/www.skinfeel.at\/shop\/referenzen\/image086\/\" class=\"wp-image-382\"\/><\/figure><\/li><li class=\"blocks-gallery-item\"><figure><img loading=\"lazy\" decoding=\"async\" width=\"255\" height=\"143\" src=\"http:\/\/www.skinfeel.at\/shop\/wp-content\/uploads\/2019\/12\/image084.jpg\" alt=\"\" data-id=\"381\" data-full-url=\"http:\/\/www.skinfeel.at\/shop\/wp-content\/uploads\/2019\/12\/image084.jpg\" data-link=\"http:\/\/www.skinfeel.at\/shop\/referenzen\/image084\/\" class=\"wp-image-381\"\/><\/figure><\/li><li class=\"blocks-gallery-item\"><figure><img loading=\"lazy\" decoding=\"async\" width=\"210\" height=\"166\" src=\"http:\/\/www.skinfeel.at\/shop\/wp-content\/uploads\/2019\/12\/image082.jpg\" alt=\"\" data-id=\"380\" data-full-url=\"http:\/\/www.skinfeel.at\/shop\/wp-content\/uploads\/2019\/12\/image082.jpg\" data-link=\"http:\/\/www.skinfeel.at\/shop\/referenzen\/image082\/\" class=\"wp-image-380\"\/><\/figure><\/li><li class=\"blocks-gallery-item\"><figure><img loading=\"lazy\" decoding=\"async\" width=\"246\" height=\"94\" src=\"http:\/\/www.skinfeel.at\/shop\/wp-content\/uploads\/2019\/12\/image080.jpg\" alt=\"\" data-id=\"379\" data-full-url=\"http:\/\/www.skinfeel.at\/shop\/wp-content\/uploads\/2019\/12\/image080.jpg\" data-link=\"http:\/\/www.skinfeel.at\/shop\/referenzen\/image080\/\" class=\"wp-image-379\"\/><\/figure><\/li><li class=\"blocks-gallery-item\"><figure><img loading=\"lazy\" decoding=\"async\" width=\"193\" height=\"196\" src=\"http:\/\/www.skinfeel.at\/shop\/wp-content\/uploads\/2019\/12\/image078.jpg\" alt=\"\" data-id=\"378\" data-full-url=\"http:\/\/www.skinfeel.at\/shop\/wp-content\/uploads\/2019\/12\/image078.jpg\" data-link=\"http:\/\/www.skinfeel.at\/shop\/referenzen\/image078\/\" class=\"wp-image-378\"\/><\/figure><\/li><li class=\"blocks-gallery-item\"><figure><img loading=\"lazy\" decoding=\"async\" width=\"226\" height=\"143\" src=\"http:\/\/www.skinfeel.at\/shop\/wp-content\/uploads\/2019\/12\/image076.jpg\" alt=\"\" data-id=\"377\" data-full-url=\"http:\/\/www.skinfeel.at\/shop\/wp-content\/uploads\/2019\/12\/image076.jpg\" data-link=\"http:\/\/www.skinfeel.at\/shop\/referenzen\/image076\/\" class=\"wp-image-377\"\/><\/figure><\/li><li class=\"blocks-gallery-item\"><figure><img loading=\"lazy\" decoding=\"async\" width=\"233\" height=\"66\" src=\"http:\/\/www.skinfeel.at\/shop\/wp-content\/uploads\/2019\/12\/image075.jpg\" alt=\"\" data-id=\"376\" data-full-url=\"http:\/\/www.skinfeel.at\/shop\/wp-content\/uploads\/2019\/12\/image075.jpg\" data-link=\"http:\/\/www.skinfeel.at\/shop\/referenzen\/image075\/\" class=\"wp-image-376\"\/><\/figure><\/li><li class=\"blocks-gallery-item\"><figure><img loading=\"lazy\" decoding=\"async\" width=\"211\" height=\"63\" src=\"http:\/\/www.skinfeel.at\/shop\/wp-content\/uploads\/2019\/12\/image074.jpg\" alt=\"\" data-id=\"375\" data-full-url=\"http:\/\/www.skinfeel.at\/shop\/wp-content\/uploads\/2019\/12\/image074.jpg\" data-link=\"http:\/\/www.skinfeel.at\/shop\/referenzen\/image074\/\" class=\"wp-image-375\"\/><\/figure><\/li><li class=\"blocks-gallery-item\"><figure><img loading=\"lazy\" decoding=\"async\" width=\"215\" height=\"103\" src=\"http:\/\/www.skinfeel.at\/shop\/wp-content\/uploads\/2019\/12\/image073.jpg\" alt=\"\" data-id=\"374\" data-full-url=\"http:\/\/www.skinfeel.at\/shop\/wp-content\/uploads\/2019\/12\/image073.jpg\" data-link=\"http:\/\/www.skinfeel.at\/shop\/referenzen\/image073\/\" class=\"wp-image-374\"\/><\/figure><\/li><li class=\"blocks-gallery-item\"><figure><img loading=\"lazy\" decoding=\"async\" width=\"174\" height=\"166\" src=\"http:\/\/www.skinfeel.at\/shop\/wp-content\/uploads\/2019\/12\/image072.jpg\" alt=\"\" data-id=\"373\" data-full-url=\"http:\/\/www.skinfeel.at\/shop\/wp-content\/uploads\/2019\/12\/image072.jpg\" data-link=\"http:\/\/www.skinfeel.at\/shop\/referenzen\/image072\/\" class=\"wp-image-373\"\/><\/figure><\/li><li class=\"blocks-gallery-item\"><figure><img loading=\"lazy\" decoding=\"async\" width=\"230\" height=\"134\" src=\"http:\/\/www.skinfeel.at\/shop\/wp-content\/uploads\/2019\/12\/image071.jpg\" alt=\"\" data-id=\"372\" data-full-url=\"http:\/\/www.skinfeel.at\/shop\/wp-content\/uploads\/2019\/12\/image071.jpg\" data-link=\"http:\/\/www.skinfeel.at\/shop\/referenzen\/image071\/\" class=\"wp-image-372\"\/><\/figure><\/li><li class=\"blocks-gallery-item\"><figure><img loading=\"lazy\" decoding=\"async\" width=\"147\" height=\"181\" src=\"http:\/\/www.skinfeel.at\/shop\/wp-content\/uploads\/2019\/12\/image070.jpg\" alt=\"\" data-id=\"371\" data-full-url=\"http:\/\/www.skinfeel.at\/shop\/wp-content\/uploads\/2019\/12\/image070.jpg\" data-link=\"http:\/\/www.skinfeel.at\/shop\/referenzen\/image070\/\" class=\"wp-image-371\"\/><\/figure><\/li><li class=\"blocks-gallery-item\"><figure><img loading=\"lazy\" decoding=\"async\" width=\"231\" height=\"158\" src=\"http:\/\/www.skinfeel.at\/shop\/wp-content\/uploads\/2019\/12\/image069.jpg\" alt=\"\" data-id=\"370\" data-full-url=\"http:\/\/www.skinfeel.at\/shop\/wp-content\/uploads\/2019\/12\/image069.jpg\" data-link=\"http:\/\/www.skinfeel.at\/shop\/referenzen\/image069\/\" class=\"wp-image-370\"\/><\/figure><\/li><li class=\"blocks-gallery-item\"><figure><img loading=\"lazy\" decoding=\"async\" width=\"202\" height=\"170\" src=\"http:\/\/www.skinfeel.at\/shop\/wp-content\/uploads\/2019\/12\/image068.jpg\" alt=\"\" data-id=\"369\" data-full-url=\"http:\/\/www.skinfeel.at\/shop\/wp-content\/uploads\/2019\/12\/image068.jpg\" data-link=\"http:\/\/www.skinfeel.at\/shop\/referenzen\/image068\/\" class=\"wp-image-369\"\/><\/figure><\/li><li class=\"blocks-gallery-item\"><figure><img loading=\"lazy\" decoding=\"async\" width=\"170\" height=\"174\" src=\"http:\/\/www.skinfeel.at\/shop\/wp-content\/uploads\/2019\/12\/image067.jpg\" alt=\"\" data-id=\"368\" data-full-url=\"http:\/\/www.skinfeel.at\/shop\/wp-content\/uploads\/2019\/12\/image067.jpg\" data-link=\"http:\/\/www.skinfeel.at\/shop\/referenzen\/image067\/\" class=\"wp-image-368\"\/><\/figure><\/li><li class=\"blocks-gallery-item\"><figure><img loading=\"lazy\" decoding=\"async\" width=\"211\" height=\"147\" src=\"http:\/\/www.skinfeel.at\/shop\/wp-content\/uploads\/2019\/12\/image066.jpg\" alt=\"\" data-id=\"367\" data-full-url=\"http:\/\/www.skinfeel.at\/shop\/wp-content\/uploads\/2019\/12\/image066.jpg\" data-link=\"http:\/\/www.skinfeel.at\/shop\/referenzen\/image066\/\" class=\"wp-image-367\"\/><\/figure><\/li><li class=\"blocks-gallery-item\"><figure><img loading=\"lazy\" decoding=\"async\" width=\"137\" height=\"154\" src=\"http:\/\/www.skinfeel.at\/shop\/wp-content\/uploads\/2019\/12\/image065.jpg\" alt=\"\" data-id=\"366\" data-full-url=\"http:\/\/www.skinfeel.at\/shop\/wp-content\/uploads\/2019\/12\/image065.jpg\" data-link=\"http:\/\/www.skinfeel.at\/shop\/referenzen\/image065\/\" class=\"wp-image-366\"\/><\/figure><\/li><li class=\"blocks-gallery-item\"><figure><img loading=\"lazy\" decoding=\"async\" width=\"232\" height=\"64\" src=\"http:\/\/www.skinfeel.at\/shop\/wp-content\/uploads\/2019\/12\/image064.jpg\" alt=\"\" data-id=\"365\" data-full-url=\"http:\/\/www.skinfeel.at\/shop\/wp-content\/uploads\/2019\/12\/image064.jpg\" data-link=\"http:\/\/www.skinfeel.at\/shop\/referenzen\/image064\/\" class=\"wp-image-365\"\/><\/figure><\/li><li class=\"blocks-gallery-item\"><figure><img loading=\"lazy\" decoding=\"async\" width=\"179\" height=\"154\" src=\"http:\/\/www.skinfeel.at\/shop\/wp-content\/uploads\/2019\/12\/image063.jpg\" alt=\"\" data-id=\"364\" data-full-url=\"http:\/\/www.skinfeel.at\/shop\/wp-content\/uploads\/2019\/12\/image063.jpg\" data-link=\"http:\/\/www.skinfeel.at\/shop\/referenzen\/image063\/\" class=\"wp-image-364\"\/><\/figure><\/li><li class=\"blocks-gallery-item\"><figure><img loading=\"lazy\" decoding=\"async\" width=\"203\" height=\"134\" src=\"http:\/\/www.skinfeel.at\/shop\/wp-content\/uploads\/2019\/12\/image062.jpg\" alt=\"\" data-id=\"363\" data-full-url=\"http:\/\/www.skinfeel.at\/shop\/wp-content\/uploads\/2019\/12\/image062.jpg\" data-link=\"http:\/\/www.skinfeel.at\/shop\/referenzen\/image062\/\" class=\"wp-image-363\"\/><\/figure><\/li><li class=\"blocks-gallery-item\"><figure><img loading=\"lazy\" decoding=\"async\" width=\"226\" height=\"102\" src=\"http:\/\/www.skinfeel.at\/shop\/wp-content\/uploads\/2019\/12\/image060.jpg\" alt=\"\" data-id=\"362\" data-full-url=\"http:\/\/www.skinfeel.at\/shop\/wp-content\/uploads\/2019\/12\/image060.jpg\" data-link=\"http:\/\/www.skinfeel.at\/shop\/referenzen\/image060\/\" class=\"wp-image-362\"\/><\/figure><\/li><li class=\"blocks-gallery-item\"><figure><img loading=\"lazy\" decoding=\"async\" width=\"217\" height=\"91\" src=\"http:\/\/www.skinfeel.at\/shop\/wp-content\/uploads\/2019\/12\/image059.jpg\" alt=\"\" data-id=\"361\" data-full-url=\"http:\/\/www.skinfeel.at\/shop\/wp-content\/uploads\/2019\/12\/image059.jpg\" data-link=\"http:\/\/www.skinfeel.at\/shop\/referenzen\/image059\/\" class=\"wp-image-361\"\/><\/figure><\/li><li class=\"blocks-gallery-item\"><figure><img loading=\"lazy\" decoding=\"async\" width=\"216\" height=\"122\" src=\"http:\/\/www.skinfeel.at\/shop\/wp-content\/uploads\/2019\/12\/image058.jpg\" alt=\"\" data-id=\"360\" data-full-url=\"http:\/\/www.skinfeel.at\/shop\/wp-content\/uploads\/2019\/12\/image058.jpg\" data-link=\"http:\/\/www.skinfeel.at\/shop\/referenzen\/image058\/\" class=\"wp-image-360\"\/><\/figure><\/li><li class=\"blocks-gallery-item\"><figure><img loading=\"lazy\" decoding=\"async\" width=\"215\" height=\"71\" src=\"http:\/\/www.skinfeel.at\/shop\/wp-content\/uploads\/2019\/12\/image057.jpg\" alt=\"\" data-id=\"359\" data-full-url=\"http:\/\/www.skinfeel.at\/shop\/wp-content\/uploads\/2019\/12\/image057.jpg\" data-link=\"http:\/\/www.skinfeel.at\/shop\/referenzen\/image057\/\" class=\"wp-image-359\"\/><\/figure><\/li><li class=\"blocks-gallery-item\"><figure><img loading=\"lazy\" decoding=\"async\" width=\"214\" height=\"75\" src=\"http:\/\/www.skinfeel.at\/shop\/wp-content\/uploads\/2019\/12\/image056.jpg\" alt=\"\" data-id=\"358\" data-full-url=\"http:\/\/www.skinfeel.at\/shop\/wp-content\/uploads\/2019\/12\/image056.jpg\" data-link=\"http:\/\/www.skinfeel.at\/shop\/referenzen\/image056\/\" class=\"wp-image-358\"\/><\/figure><\/li><li class=\"blocks-gallery-item\"><figure><img loading=\"lazy\" decoding=\"async\" width=\"198\" height=\"158\" src=\"http:\/\/www.skinfeel.at\/shop\/wp-content\/uploads\/2019\/12\/image055.jpg\" alt=\"\" data-id=\"357\" data-full-url=\"http:\/\/www.skinfeel.at\/shop\/wp-content\/uploads\/2019\/12\/image055.jpg\" data-link=\"http:\/\/www.skinfeel.at\/shop\/referenzen\/image055\/\" class=\"wp-image-357\"\/><\/figure><\/li><li class=\"blocks-gallery-item\"><figure><img loading=\"lazy\" decoding=\"async\" width=\"215\" height=\"93\" src=\"http:\/\/www.skinfeel.at\/shop\/wp-content\/uploads\/2019\/12\/image054.jpg\" alt=\"\" data-id=\"356\" data-full-url=\"http:\/\/www.skinfeel.at\/shop\/wp-content\/uploads\/2019\/12\/image054.jpg\" data-link=\"http:\/\/www.skinfeel.at\/shop\/referenzen\/image054\/\" class=\"wp-image-356\"\/><\/figure><\/li><li class=\"blocks-gallery-item\"><figure><img loading=\"lazy\" decoding=\"async\" width=\"178\" height=\"186\" src=\"http:\/\/www.skinfeel.at\/shop\/wp-content\/uploads\/2019\/12\/image053.jpg\" alt=\"\" data-id=\"355\" data-full-url=\"http:\/\/www.skinfeel.at\/shop\/wp-content\/uploads\/2019\/12\/image053.jpg\" data-link=\"http:\/\/www.skinfeel.at\/shop\/referenzen\/image053\/\" class=\"wp-image-355\"\/><\/figure><\/li><li class=\"blocks-gallery-item\"><figure><img loading=\"lazy\" decoding=\"async\" width=\"206\" height=\"68\" src=\"http:\/\/www.skinfeel.at\/shop\/wp-content\/uploads\/2019\/12\/image052.jpg\" alt=\"\" data-id=\"354\" data-full-url=\"http:\/\/www.skinfeel.at\/shop\/wp-content\/uploads\/2019\/12\/image052.jpg\" data-link=\"http:\/\/www.skinfeel.at\/shop\/referenzen\/image052\/\" class=\"wp-image-354\"\/><\/figure><\/li><\/ul><\/figure>\n<\/div>\n<\/div>\n","protected":false},"excerpt":{"rendered":"<p>Stickerei ist die exquisiteste Veredelung von Textilien welche sich auszeichnet durch: Langlebigkeit Waschbest\u00e4ndigkeit Lichtbest\u00e4ndigkeit F\u00fcr Ihren einheitlichen Auftritt, Ihre Kunden- u. Mitarbeitergeschenke biete ich: professionelle Erstellung ihrer Stickmotive Bestellung ihrer Wunschartikel (siehe Shop) hochwertige Bestickung (direkt od. als Label) termingerechte Abwicklung ihrer Auftr\u00e4ge Dazu w\u00e4hlen Sie Textilien in verschiedenen Qualit\u00e4ts- u. Preisklassen. (siehe Shop) Direktstick [&hellip;]<\/p>\n","protected":false},"author":1,"featured_media":0,"parent":0,"menu_order":0,"comment_status":"closed","ping_status":"closed","template":"","meta":{"footnotes":""},"jetpack_sharing_enabled":true,"_links":{"self":[{"href":"https:\/\/www.skinfeel.at\/shop\/wp-json\/wp\/v2\/pages\/49"}],"collection":[{"href":"https:\/\/www.skinfeel.at\/shop\/wp-json\/wp\/v2\/pages"}],"about":[{"href":"https:\/\/www.skinfeel.at\/shop\/wp-json\/wp\/v2\/types\/page"}],"author":[{"embeddable":true,"href":"https:\/\/www.skinfeel.at\/shop\/wp-json\/wp\/v2\/users\/1"}],"replies":[{"embeddable":true,"href":"https:\/\/www.skinfeel.at\/shop\/wp-json\/wp\/v2\/comments?post=49"}],"version-history":[{"count":17,"href":"https:\/\/www.skinfeel.at\/shop\/wp-json\/wp\/v2\/pages\/49\/revisions"}],"predecessor-version":[{"id":786,"href":"https:\/\/www.skinfeel.at\/shop\/wp-json\/wp\/v2\/pages\/49\/revisions\/786"}],"wp:attachment":[{"href":"https:\/\/www.skinfeel.at\/shop\/wp-json\/wp\/v2\/media?parent=49"}],"curies":[{"name":"wp","href":"https:\/\/api.w.org\/{rel}","templated":true}]}}