{"id":126,"date":"2019-11-15T18:04:42","date_gmt":"2019-11-15T17:04:42","guid":{"rendered":"http:\/\/www.skinfeel.at\/shop\/?post_type=product&#038;p=126"},"modified":"2025-11-27T18:02:50","modified_gmt":"2025-11-27T17:02:50","slug":"kinder-pyjama-alex-lang","status":"publish","type":"product","link":"https:\/\/www.skinfeel.at\/shop\/produkt\/kinder-pyjama-alex-lang\/","title":{"rendered":"Kinder \u2013 Pyjama Alex lang"},"content":{"rendered":"<p>Hochwertiger Kinderpyjama in formbest\u00e4ndiger Jerseyqualit\u00e4t aus Micromodal\u00ae, hergestellt aus nat\u00fcrlichen Rohstoffen, umschmeichelt die weiche Haut unserer Kinder und sorgt f\u00fcr entspannte Nachtruhe. Der Pyjama ist ideal f\u00fcr k\u00fchle, herbstliche N\u00e4chte und h\u00e4lt auch im Winter wohlig warm. Ihr Kind wird sich rundherum wohl f\u00fchlen und ist guter Laune.<\/p>\n<p>Das Material ist weich wie Seide, anschmiegsam, atmungsaktiv und temperaturausgleichend, bietet optimalen Feuchtigkeitsaustausch und ist auch bei Neurodermitis bestens geeignet. Das in die Faser eingearbeitete Algenextrakt f\u00f6rdert die Hautdurchblutung, wirkt hautschonend, pflegend und unterst\u00fctzt die Selbstheilungskr\u00e4fte der Haut.<\/p>\n","protected":false},"excerpt":{"rendered":"<p><span style=\"color: #808080;\"> Kinder \u2013 <strong>Pyjama Alex lang<\/strong><\/span><\/p>\n<ul>\n<li>das Oberteil ziert ein buntes Muster<\/li>\n<li>bunte Absteppungen<\/li>\n<li>verdeckter Gummibund an der Hose<\/li>\n<li>elastische, weiche Abschl\u00fcsse sorgen f\u00fcr besten Tragekomfort<\/li>\n<\/ul>\n","protected":false},"featured_media":466,"comment_status":"open","ping_status":"closed","template":"","meta":[],"product_cat":[41,24,31],"product_tag":[44,60,67,68,43],"jetpack_sharing_enabled":true,"_links":{"self":[{"href":"https:\/\/www.skinfeel.at\/shop\/wp-json\/wp\/v2\/product\/126"}],"collection":[{"href":"https:\/\/www.skinfeel.at\/shop\/wp-json\/wp\/v2\/product"}],"about":[{"href":"https:\/\/www.skinfeel.at\/shop\/wp-json\/wp\/v2\/types\/product"}],"replies":[{"embeddable":true,"href":"https:\/\/www.skinfeel.at\/shop\/wp-json\/wp\/v2\/comments?post=126"}],"version-history":[{"count":2,"href":"https:\/\/www.skinfeel.at\/shop\/wp-json\/wp\/v2\/product\/126\/revisions"}],"predecessor-version":[{"id":3493,"href":"https:\/\/www.skinfeel.at\/shop\/wp-json\/wp\/v2\/product\/126\/revisions\/3493"}],"wp:featuredmedia":[{"embeddable":true,"href":"https:\/\/www.skinfeel.at\/shop\/wp-json\/wp\/v2\/media\/466"}],"wp:attachment":[{"href":"https:\/\/www.skinfeel.at\/shop\/wp-json\/wp\/v2\/media?parent=126"}],"wp:term":[{"taxonomy":"product_cat","embeddable":true,"href":"https:\/\/www.skinfeel.at\/shop\/wp-json\/wp\/v2\/product_cat?post=126"},{"taxonomy":"product_tag","embeddable":true,"href":"https:\/\/www.skinfeel.at\/shop\/wp-json\/wp\/v2\/product_tag?post=126"}],"curies":[{"name":"wp","href":"https:\/\/api.w.org\/{rel}","templated":true}]}}