{"id":153,"date":"2019-12-05T18:45:50","date_gmt":"2019-12-05T17:45:50","guid":{"rendered":"http:\/\/www.skinfeel.at\/shop\/?post_type=product&#038;p=153"},"modified":"2020-12-03T17:44:42","modified_gmt":"2020-12-03T16:44:42","slug":"baby-strampelhose-michi","status":"publish","type":"product","link":"https:\/\/www.skinfeel.at\/shop\/produkt\/baby-strampelhose-michi\/","title":{"rendered":"Baby \u2013 Strampelhose Michi"},"content":{"rendered":"<p>Hochwertige, entz\u00fcckende Babystrampelhose in formbest\u00e4ndiger Jerseyqualit\u00e4t aus Micromodal\u00ae, hergestellt aus nat\u00fcrlichen Rohstoffen, umschmeichelt die weiche Haut unserer J\u00fcngsten und sorgt f\u00fcr Wohlbefinden. Ihr Baby wird sich rundherum wohlf\u00fchlen und guter Laune sein.<\/p>\n<p>Das Material ist weich wie Seide, anschmiegsam, atmungsaktiv und temperaturausgleichend, bietet optimalen Feuchtigkeitsaustausch und ist auch bei Neurodermitis bestens geeignet. Das in die Faser eingearbeitete Algenextrakt f\u00f6rdert die Hautdurchblutung, wirkt hautschonend, pflegend und unterst\u00fctzt die Selbstheilungskr\u00e4fte der Haut.<\/p>\n","protected":false},"excerpt":{"rendered":"<p><span style=\"color: #808080;\">Baby \u2013 <strong>Strampelhose Michi<\/strong><\/span><\/p>\n<ul>\n<li>Der weicher Bund sorgt, dass nichts auf das B\u00e4uchlein dr\u00fcckt.<\/li>\n<li>geschlossene F\u00fc\u00dfchen f\u00fcr warme F\u00fc\u00dfe<\/li>\n<li>in wei\u00df oder mit bunten Absteppungen erh\u00e4ltlich<\/li>\n<\/ul>\n","protected":false},"featured_media":457,"comment_status":"open","ping_status":"closed","template":"","meta":[],"product_cat":[23,41,30],"product_tag":[47,43,71],"jetpack_sharing_enabled":true,"_links":{"self":[{"href":"https:\/\/www.skinfeel.at\/shop\/wp-json\/wp\/v2\/product\/153"}],"collection":[{"href":"https:\/\/www.skinfeel.at\/shop\/wp-json\/wp\/v2\/product"}],"about":[{"href":"https:\/\/www.skinfeel.at\/shop\/wp-json\/wp\/v2\/types\/product"}],"replies":[{"embeddable":true,"href":"https:\/\/www.skinfeel.at\/shop\/wp-json\/wp\/v2\/comments?post=153"}],"version-history":[{"count":2,"href":"https:\/\/www.skinfeel.at\/shop\/wp-json\/wp\/v2\/product\/153\/revisions"}],"predecessor-version":[{"id":521,"href":"https:\/\/www.skinfeel.at\/shop\/wp-json\/wp\/v2\/product\/153\/revisions\/521"}],"wp:featuredmedia":[{"embeddable":true,"href":"https:\/\/www.skinfeel.at\/shop\/wp-json\/wp\/v2\/media\/457"}],"wp:attachment":[{"href":"https:\/\/www.skinfeel.at\/shop\/wp-json\/wp\/v2\/media?parent=153"}],"wp:term":[{"taxonomy":"product_cat","embeddable":true,"href":"https:\/\/www.skinfeel.at\/shop\/wp-json\/wp\/v2\/product_cat?post=153"},{"taxonomy":"product_tag","embeddable":true,"href":"https:\/\/www.skinfeel.at\/shop\/wp-json\/wp\/v2\/product_tag?post=153"}],"curies":[{"name":"wp","href":"https:\/\/api.w.org\/{rel}","templated":true}]}}