{"id":163,"date":"2019-12-05T19:18:19","date_gmt":"2019-12-05T18:18:19","guid":{"rendered":"http:\/\/www.skinfeel.at\/shop\/?post_type=product&#038;p=163"},"modified":"2021-02-17T14:57:31","modified_gmt":"2021-02-17T13:57:31","slug":"baby-accessoires-hauberl-u-fausterl","status":"publish","type":"product","link":"https:\/\/www.skinfeel.at\/shop\/produkt\/baby-accessoires-hauberl-u-fausterl\/","title":{"rendered":"Baby &#8211; Accessoires Fausterl"},"content":{"rendered":"<p>Hochwertige Accessoires in formbest\u00e4ndiger Jerseyqualit\u00e4t aus Micromodal\u00ae, hergestellt aus nat\u00fcrlichen Rohstoffen umschmeichelt die Haut ihres Babys. Das Material ist weich wie Seide, anschmiegsam, atmungsaktiv und temperaturausgleichend, bietet optimalen Feuchtigkeitsaustausch und ist auch bei Neurodermitis bestens geeignet. Das in die Faser eingearbeitete Algenextrakt f\u00f6rdert die Hautdurchblutung, wirkt hautschonend, pflegend und unterst\u00fctzt die Selbstheilungskr\u00e4fte der Haut.<\/p>\n","protected":false},"excerpt":{"rendered":"<p><span style=\"color: #808080;\"> Baby Accesoirres: <strong>\u00a0Fausterl<\/strong><\/span><\/p>\n<ul>\n<li>gro\u00dfz\u00fcgige Form f\u00fcr die Bewegungsfreiheit der Finger<\/li>\n<li>Satinb\u00e4nder zum Befestigen am Handgelenk<\/li>\n<li>in wei\u00df<\/li>\n<\/ul>\n","protected":false},"featured_media":3060,"comment_status":"open","ping_status":"closed","template":"","meta":[],"product_cat":[28,23,41],"product_tag":[47,72,43],"jetpack_sharing_enabled":true,"_links":{"self":[{"href":"https:\/\/www.skinfeel.at\/shop\/wp-json\/wp\/v2\/product\/163"}],"collection":[{"href":"https:\/\/www.skinfeel.at\/shop\/wp-json\/wp\/v2\/product"}],"about":[{"href":"https:\/\/www.skinfeel.at\/shop\/wp-json\/wp\/v2\/types\/product"}],"replies":[{"embeddable":true,"href":"https:\/\/www.skinfeel.at\/shop\/wp-json\/wp\/v2\/comments?post=163"}],"version-history":[{"count":1,"href":"https:\/\/www.skinfeel.at\/shop\/wp-json\/wp\/v2\/product\/163\/revisions"}],"predecessor-version":[{"id":543,"href":"https:\/\/www.skinfeel.at\/shop\/wp-json\/wp\/v2\/product\/163\/revisions\/543"}],"wp:featuredmedia":[{"embeddable":true,"href":"https:\/\/www.skinfeel.at\/shop\/wp-json\/wp\/v2\/media\/3060"}],"wp:attachment":[{"href":"https:\/\/www.skinfeel.at\/shop\/wp-json\/wp\/v2\/media?parent=163"}],"wp:term":[{"taxonomy":"product_cat","embeddable":true,"href":"https:\/\/www.skinfeel.at\/shop\/wp-json\/wp\/v2\/product_cat?post=163"},{"taxonomy":"product_tag","embeddable":true,"href":"https:\/\/www.skinfeel.at\/shop\/wp-json\/wp\/v2\/product_tag?post=163"}],"curies":[{"name":"wp","href":"https:\/\/api.w.org\/{rel}","templated":true}]}}