{"id":184,"date":"2019-12-05T19:54:55","date_gmt":"2019-12-05T18:54:55","guid":{"rendered":"http:\/\/www.skinfeel.at\/shop\/?post_type=product&#038;p=184"},"modified":"2021-04-23T15:54:40","modified_gmt":"2021-04-23T13:54:40","slug":"baby-strampler-lisa-mit-fuesschen","status":"publish","type":"product","link":"https:\/\/www.skinfeel.at\/shop\/produkt\/baby-strampler-lisa-mit-fuesschen\/","title":{"rendered":"Baby &#8211; Strampler Lisa mit F\u00fcsschen"},"content":{"rendered":"<p>Hochwertiger, entz\u00fcckender Strampler gef\u00fcttert mit einer formbest\u00e4ndigen Jerseyqualit\u00e4t aus Micromodal\u00ae, hergestellt aus nat\u00fcrlichen Rohstoffen, umschmeichelt die Haut unserer J\u00fcngsten und sorgt f\u00fcr deren Wohlbefinden.<\/p>\n<p>Das Material ist weich wie Seide, anschmiegsam, atmungsaktiv und temperaturausgleichend, bietet optimalen Feuchtigkeitsaustausch und ist auch bei Neurodermitis bestens geeignet. Das in die Faser eingearbeitete Algenextrakt f\u00f6rdert die Hautdurchblutung, wirkt hautschonend, pflegend und unterst\u00fctzt die Selbstheilungskr\u00e4fte der Haut.<\/p>\n","protected":false},"excerpt":{"rendered":"<p>Strampler <strong>Lisa<\/strong> mit F\u00fcsschen<\/p>\n<ul>\n<li>Oberstoff aus 95% Baumwolle, 5% Elasthan<\/li>\n<li>gef\u00fcttert mit der weichen Skinfeel Qualit\u00e4t (MicroModal\u00ae, Lyocell)<\/li>\n<li>Dr\u00fccker an den Tr\u00e4gern<\/li>\n<li>geschlossene F\u00fcsschen<\/li>\n<li>Druckmotiv im Vorderteil<\/li>\n<li>B\u00e4rchenmotiv<\/li>\n<li>Bitte geben Sie den Text f\u00fcr den Druck in der Bestellung (beim Bezahlvorgang) an.<\/li>\n<\/ul>\n","protected":false},"featured_media":3168,"comment_status":"open","ping_status":"closed","template":"","meta":[],"product_cat":[23,41,29],"product_tag":[47,43,73],"jetpack_sharing_enabled":true,"_links":{"self":[{"href":"https:\/\/www.skinfeel.at\/shop\/wp-json\/wp\/v2\/product\/184"}],"collection":[{"href":"https:\/\/www.skinfeel.at\/shop\/wp-json\/wp\/v2\/product"}],"about":[{"href":"https:\/\/www.skinfeel.at\/shop\/wp-json\/wp\/v2\/types\/product"}],"replies":[{"embeddable":true,"href":"https:\/\/www.skinfeel.at\/shop\/wp-json\/wp\/v2\/comments?post=184"}],"version-history":[{"count":0,"href":"https:\/\/www.skinfeel.at\/shop\/wp-json\/wp\/v2\/product\/184\/revisions"}],"wp:featuredmedia":[{"embeddable":true,"href":"https:\/\/www.skinfeel.at\/shop\/wp-json\/wp\/v2\/media\/3168"}],"wp:attachment":[{"href":"https:\/\/www.skinfeel.at\/shop\/wp-json\/wp\/v2\/media?parent=184"}],"wp:term":[{"taxonomy":"product_cat","embeddable":true,"href":"https:\/\/www.skinfeel.at\/shop\/wp-json\/wp\/v2\/product_cat?post=184"},{"taxonomy":"product_tag","embeddable":true,"href":"https:\/\/www.skinfeel.at\/shop\/wp-json\/wp\/v2\/product_tag?post=184"}],"curies":[{"name":"wp","href":"https:\/\/api.w.org\/{rel}","templated":true}]}}