{"id":219,"date":"2019-12-05T22:33:34","date_gmt":"2019-12-05T21:33:34","guid":{"rendered":"http:\/\/www.skinfeel.at\/shop\/?post_type=product&#038;p=219"},"modified":"2020-12-03T17:13:17","modified_gmt":"2020-12-03T16:13:17","slug":"herren-unterziehshirt","status":"publish","type":"product","link":"https:\/\/www.skinfeel.at\/shop\/produkt\/herren-unterziehshirt\/","title":{"rendered":"Herren \u2013 Unterziehshirt"},"content":{"rendered":"<p>Hochwertiges Shirt, ideal unter dem Hemd, Pulli usw. in formbest\u00e4ndiger Jerseyqualit\u00e4t aus Micromodal\u00ae, hergestellt aus nat\u00fcrlichen Rohstoffen, umschmeichelt die Haut und sorgt f\u00fcr Wohlbefinden. Das weiche Material schmiegt sich an die K\u00f6rperform und bietet optimalen Tragekomfort.<\/p>\n<p>Das Material ist weich wie Seide, anschmiegsam, atmungsaktiv und temperaturausgleichend, bietet optimalen Feuchtigkeitsaustausch und ist auch bei Neurodermitis bestens geeignet. Das in die Faser eingearbeitete Algenextrakt f\u00f6rdert die Hautdurchblutung, wirkt hautschonend, pflegend und unterst\u00fctzt die Selbstheilungskr\u00e4fte der Haut.<\/p>\n","protected":false},"excerpt":{"rendered":"<ul>\n<li><span style=\"text-align: left; color: #333333; text-transform: none; text-indent: 0px; letter-spacing: normal; font-family: -apple-system,BlinkMacSystemFont,'Segoe UI',Roboto,Oxygen-Sans,Ubuntu,Cantarell,'Helvetica Neue',sans-serif; font-size: 16px; font-style: normal; font-variant: normal; font-weight: 400; text-decoration: none; word-spacing: 0px; display: inline !important; white-space: normal; orphans: 2; float: none; -webkit-text-stroke-width: 0px; background-color: #ffffff;\">bequeme, h\u00fcftlange L\u00e4nge<\/span><\/li>\n<li><span style=\"color: #333333;\">kurz\u00e4rmelig, das ideale Darunter in der k\u00fchlen Jahreszeit<\/span><\/li>\n<li><span style=\"text-align: left; color: #333333; text-transform: none; text-indent: 0px; letter-spacing: normal; font-family: -apple-system,BlinkMacSystemFont,'Segoe UI',Roboto,Oxygen-Sans,Ubuntu,Cantarell,'Helvetica Neue',sans-serif; font-size: 16px; font-style: normal; font-variant: normal; font-weight: 400; text-decoration: none; word-spacing: 0px; display: inline !important; white-space: normal; orphans: 2; float: none; -webkit-text-stroke-width: 0px; background-color: #ffffff;\">normale Passform<\/span><b><\/b><i><\/i><u><\/u><\/li>\n<\/ul>\n","protected":false},"featured_media":440,"comment_status":"open","ping_status":"closed","template":"","meta":[],"product_cat":[26,34,35],"product_tag":[69,43,54,53,64],"jetpack_sharing_enabled":true,"_links":{"self":[{"href":"https:\/\/www.skinfeel.at\/shop\/wp-json\/wp\/v2\/product\/219"}],"collection":[{"href":"https:\/\/www.skinfeel.at\/shop\/wp-json\/wp\/v2\/product"}],"about":[{"href":"https:\/\/www.skinfeel.at\/shop\/wp-json\/wp\/v2\/types\/product"}],"replies":[{"embeddable":true,"href":"https:\/\/www.skinfeel.at\/shop\/wp-json\/wp\/v2\/comments?post=219"}],"version-history":[{"count":1,"href":"https:\/\/www.skinfeel.at\/shop\/wp-json\/wp\/v2\/product\/219\/revisions"}],"predecessor-version":[{"id":541,"href":"https:\/\/www.skinfeel.at\/shop\/wp-json\/wp\/v2\/product\/219\/revisions\/541"}],"wp:featuredmedia":[{"embeddable":true,"href":"https:\/\/www.skinfeel.at\/shop\/wp-json\/wp\/v2\/media\/440"}],"wp:attachment":[{"href":"https:\/\/www.skinfeel.at\/shop\/wp-json\/wp\/v2\/media?parent=219"}],"wp:term":[{"taxonomy":"product_cat","embeddable":true,"href":"https:\/\/www.skinfeel.at\/shop\/wp-json\/wp\/v2\/product_cat?post=219"},{"taxonomy":"product_tag","embeddable":true,"href":"https:\/\/www.skinfeel.at\/shop\/wp-json\/wp\/v2\/product_tag?post=219"}],"curies":[{"name":"wp","href":"https:\/\/api.w.org\/{rel}","templated":true}]}}