{"id":233,"date":"2019-12-05T23:05:18","date_gmt":"2019-12-05T22:05:18","guid":{"rendered":"http:\/\/www.skinfeel.at\/shop\/?post_type=product&#038;p=233"},"modified":"2021-04-24T08:25:10","modified_gmt":"2021-04-24T06:25:10","slug":"damen-nachthemd-ella-langarm-od-%c2%be-arm","status":"publish","type":"product","link":"https:\/\/www.skinfeel.at\/shop\/produkt\/damen-nachthemd-ella-langarm-od-%c2%be-arm\/","title":{"rendered":"Damen \u2013 Nachthemd Ella langarm od. \u00be Arm"},"content":{"rendered":"<p>Hochwertiges Damennachthemd in formbest\u00e4ndiger Jerseyqualit\u00e4t aus Micromodal\u00ae, hergestellt aus nat\u00fcrlichen Rohstoffen, umschmeichelt die Haut und sorgt f\u00fcr entspannte Nachtruhe. Das duftige Nachthemd ist das Richtige f\u00fcr laue, aber auch k\u00fchlere bis kalte N\u00e4chte, so richtig zum Wohlf\u00fchlen.<\/p>\n<p>Das Material ist weich wie Seide, anschmiegsam, atmungsaktiv und temperaturausgleichend, bietet optimalen Feuchtigkeitsaustausch und ist auch bei Neurodermitis bestens geeignet. Das in die Faser eingearbeitete Algenextrakt f\u00f6rdert die Hautdurchblutung, wirkt hautschonend, pflegend und unterst\u00fctzt die Selbstheilungskr\u00e4fte der Haut.<\/p>\n","protected":false},"excerpt":{"rendered":"<p>Nachthemd <strong>Ella<\/strong> langarm oder 3\/4-arm<\/p>\n<ul>\n<li><span style=\"color: #333333;\"><span style=\"text-align: left; text-transform: none; text-indent: 0px; letter-spacing: normal; font-family: -apple-system,BlinkMacSystemFont,'Segoe UI',Roboto,Oxygen-Sans,Ubuntu,Cantarell,'Helvetica Neue',sans-serif; font-size: 16px; font-style: normal; font-variant: normal; font-weight: 400; text-decoration: none; word-spacing: 0px; display: inline !important; white-space: normal; orphans: 2; float: none; -webkit-text-stroke-width: 0px; background-color: #ffffff;\">femininer Spitzenbesatz am Ausschnitt<\/span><b><\/b><i><\/i><u><\/u><\/span><\/li>\n<li><span style=\"color: #333333;\"><span style=\"text-align: left; text-transform: none; text-indent: 0px; letter-spacing: normal; font-size: 16px; font-style: normal; font-variant: normal; font-weight: 400; text-decoration: none; word-spacing: 0px; display: inline; white-space: normal; orphans: 2; float: none; -webkit-text-stroke-width: 0px; background-color: #ffffff;\">schm\u00fcckende kleine Masche am Dekolletee<\/span><b><\/b><i><\/i><u><\/u><\/span><\/li>\n<li><span style=\"color: #333333;\">mit langen od. \u00be langen \u00c4rmeln<\/span><\/li>\n<li><span style=\"color: #333333;\">Abschlusskanten mit Muschelsaum<\/span><\/li>\n<li><span style=\"color: #333333;\">wahlweise mit buntem Muschelsaum<\/span><\/li>\n<li><span style=\"color: #333333;\">lockere, figurumschmeichelnde Passform<\/span><\/li>\n<\/ul>\n","protected":false},"featured_media":446,"comment_status":"open","ping_status":"closed","template":"","meta":[],"product_cat":[25,36],"product_tag":[63,61,60,43],"jetpack_sharing_enabled":true,"_links":{"self":[{"href":"https:\/\/www.skinfeel.at\/shop\/wp-json\/wp\/v2\/product\/233"}],"collection":[{"href":"https:\/\/www.skinfeel.at\/shop\/wp-json\/wp\/v2\/product"}],"about":[{"href":"https:\/\/www.skinfeel.at\/shop\/wp-json\/wp\/v2\/types\/product"}],"replies":[{"embeddable":true,"href":"https:\/\/www.skinfeel.at\/shop\/wp-json\/wp\/v2\/comments?post=233"}],"version-history":[{"count":1,"href":"https:\/\/www.skinfeel.at\/shop\/wp-json\/wp\/v2\/product\/233\/revisions"}],"predecessor-version":[{"id":516,"href":"https:\/\/www.skinfeel.at\/shop\/wp-json\/wp\/v2\/product\/233\/revisions\/516"}],"wp:featuredmedia":[{"embeddable":true,"href":"https:\/\/www.skinfeel.at\/shop\/wp-json\/wp\/v2\/media\/446"}],"wp:attachment":[{"href":"https:\/\/www.skinfeel.at\/shop\/wp-json\/wp\/v2\/media?parent=233"}],"wp:term":[{"taxonomy":"product_cat","embeddable":true,"href":"https:\/\/www.skinfeel.at\/shop\/wp-json\/wp\/v2\/product_cat?post=233"},{"taxonomy":"product_tag","embeddable":true,"href":"https:\/\/www.skinfeel.at\/shop\/wp-json\/wp\/v2\/product_tag?post=233"}],"curies":[{"name":"wp","href":"https:\/\/api.w.org\/{rel}","templated":true}]}}