{"id":239,"date":"2019-12-05T23:09:57","date_gmt":"2019-12-05T22:09:57","guid":{"rendered":"http:\/\/www.skinfeel.at\/shop\/?post_type=product&#038;p=239"},"modified":"2020-12-03T17:02:36","modified_gmt":"2020-12-03T16:02:36","slug":"damen-nachthemd-ella-mit-fluegelarm","status":"publish","type":"product","link":"https:\/\/www.skinfeel.at\/shop\/produkt\/damen-nachthemd-ella-mit-fluegelarm\/","title":{"rendered":"Damen \u2013 Nachthemd Ella mit Fl\u00fcgelarm"},"content":{"rendered":"<p>Hochwertiges Damennachthemd in formbest\u00e4ndiger Jerseyqualit\u00e4t aus Micromodal\u00ae, hergestellt aus nat\u00fcrlichen Rohstoffen, umschmeichelt die Haut und sorgt f\u00fcr entspannte Nachtruhe. Das sommerlich, leichte Nachthemd erfreut Sie in den warmen und lauen Sommern\u00e4chten.<\/p>\n<p>Das Material ist weich wie Seide, anschmiegsam, atmungsaktiv und temperaturausgleichend, bietet optimalen Feuchtigkeitsaustausch und ist auch bei Neurodermitis bestens geeignet. Das in die Faser eingearbeitete Algenextrakt f\u00f6rdert die Hautdurchblutung, wirkt hautschonend, pflegend und unterst\u00fctzt die Selbstheilungskr\u00e4fte der Haut.<\/p>\n","protected":false},"excerpt":{"rendered":"<ul>\n<li><span style=\"text-align: left; color: #333333; text-transform: none; text-indent: 0px; letter-spacing: normal; font-size: 16px; font-style: normal; font-variant: normal; font-weight: 400; text-decoration: none; word-spacing: 0px; display: inline; white-space: normal; orphans: 2; float: none; -webkit-text-stroke-width: 0px; background-color: #ffffff;\">femininer Spitzenbesatz am Ausschnitt<\/span><\/li>\n<li><span style=\"text-align: left; color: #333333; text-transform: none; text-indent: 0px; letter-spacing: normal; font-size: 16px; font-style: normal; font-variant: normal; font-weight: 400; text-decoration: none; word-spacing: 0px; display: inline; white-space: normal; orphans: 2; float: none; -webkit-text-stroke-width: 0px; background-color: #ffffff;\">schm\u00fcckende kleine Masche am Dekolletee<\/span><\/li>\n<li><span style=\"color: #333333;\">mit Fl\u00fcgel\u00e4rmel<\/span><\/li>\n<li><span style=\"color: #333333;\">Abschlusskanten mit Muschelsaum<\/span><\/li>\n<li><span style=\"color: #333333;\">wahlweise mit buntem Muschelsaum<\/span><\/li>\n<li><span style=\"color: #333333;\">lockere, figurumschmeichelnde Passform<\/span><\/li>\n<\/ul>\n","protected":false},"featured_media":444,"comment_status":"open","ping_status":"closed","template":"","meta":[],"product_cat":[25,36],"product_tag":[63,61,60,43],"jetpack_sharing_enabled":true,"_links":{"self":[{"href":"https:\/\/www.skinfeel.at\/shop\/wp-json\/wp\/v2\/product\/239"}],"collection":[{"href":"https:\/\/www.skinfeel.at\/shop\/wp-json\/wp\/v2\/product"}],"about":[{"href":"https:\/\/www.skinfeel.at\/shop\/wp-json\/wp\/v2\/types\/product"}],"replies":[{"embeddable":true,"href":"https:\/\/www.skinfeel.at\/shop\/wp-json\/wp\/v2\/comments?post=239"}],"version-history":[{"count":1,"href":"https:\/\/www.skinfeel.at\/shop\/wp-json\/wp\/v2\/product\/239\/revisions"}],"predecessor-version":[{"id":558,"href":"https:\/\/www.skinfeel.at\/shop\/wp-json\/wp\/v2\/product\/239\/revisions\/558"}],"wp:featuredmedia":[{"embeddable":true,"href":"https:\/\/www.skinfeel.at\/shop\/wp-json\/wp\/v2\/media\/444"}],"wp:attachment":[{"href":"https:\/\/www.skinfeel.at\/shop\/wp-json\/wp\/v2\/media?parent=239"}],"wp:term":[{"taxonomy":"product_cat","embeddable":true,"href":"https:\/\/www.skinfeel.at\/shop\/wp-json\/wp\/v2\/product_cat?post=239"},{"taxonomy":"product_tag","embeddable":true,"href":"https:\/\/www.skinfeel.at\/shop\/wp-json\/wp\/v2\/product_tag?post=239"}],"curies":[{"name":"wp","href":"https:\/\/api.w.org\/{rel}","templated":true}]}}