{"id":252,"date":"2019-12-05T23:40:32","date_gmt":"2019-12-05T22:40:32","guid":{"rendered":"http:\/\/www.skinfeel.at\/shop\/?post_type=product&#038;p=252"},"modified":"2020-12-03T17:17:23","modified_gmt":"2020-12-03T16:17:23","slug":"damen-unterziehshirt","status":"publish","type":"product","link":"https:\/\/www.skinfeel.at\/shop\/produkt\/damen-unterziehshirt\/","title":{"rendered":"Damen \u2013 Unterziehshirt"},"content":{"rendered":"<p>Hochwertiges Shirt, ideal unter der Bluse, Pulli usw. in formbest\u00e4ndiger Jerseyqualit\u00e4t aus Micromodal\u00ae, hergestellt aus nat\u00fcrlichen Rohstoffen umschmeichelt die Haut und sorgt f\u00fcr Wohlbefinden. Das softe, weiche Material passt sich an die K\u00f6rperkontur an und sorgt f\u00fcr besten Tragekomfort.<\/p>\n<p>Das Material ist weich wie Seide, anschmiegsam, atmungsaktiv und temperaturausgleichend, bietet optimalen Feuchtigkeitsaustausch und ist auch bei Neurodermitis bestens geeignet. Das in die Faser eingearbeitete Algenextrakt f\u00f6rdert die Hautdurchblutung, wirkt hautschonend, pflegend und unterst\u00fctzt die Selbstheilungskr\u00e4fte der Haut.<\/p>\n","protected":false},"excerpt":{"rendered":"<ul>\n<li>bequeme, h\u00fcftlange L\u00e4nge<\/li>\n<li>normale, leicht taillierte Passform<\/li>\n<li>kurz\u00e4rmelig, das ideale Darunter in der k\u00fchlen Jahreszeit<\/li>\n<\/ul>\n","protected":false},"featured_media":447,"comment_status":"open","ping_status":"closed","template":"","meta":[],"product_cat":[25,38,39],"product_tag":[63,43,54,53,64],"jetpack_sharing_enabled":true,"_links":{"self":[{"href":"https:\/\/www.skinfeel.at\/shop\/wp-json\/wp\/v2\/product\/252"}],"collection":[{"href":"https:\/\/www.skinfeel.at\/shop\/wp-json\/wp\/v2\/product"}],"about":[{"href":"https:\/\/www.skinfeel.at\/shop\/wp-json\/wp\/v2\/types\/product"}],"replies":[{"embeddable":true,"href":"https:\/\/www.skinfeel.at\/shop\/wp-json\/wp\/v2\/comments?post=252"}],"version-history":[{"count":1,"href":"https:\/\/www.skinfeel.at\/shop\/wp-json\/wp\/v2\/product\/252\/revisions"}],"predecessor-version":[{"id":587,"href":"https:\/\/www.skinfeel.at\/shop\/wp-json\/wp\/v2\/product\/252\/revisions\/587"}],"wp:featuredmedia":[{"embeddable":true,"href":"https:\/\/www.skinfeel.at\/shop\/wp-json\/wp\/v2\/media\/447"}],"wp:attachment":[{"href":"https:\/\/www.skinfeel.at\/shop\/wp-json\/wp\/v2\/media?parent=252"}],"wp:term":[{"taxonomy":"product_cat","embeddable":true,"href":"https:\/\/www.skinfeel.at\/shop\/wp-json\/wp\/v2\/product_cat?post=252"},{"taxonomy":"product_tag","embeddable":true,"href":"https:\/\/www.skinfeel.at\/shop\/wp-json\/wp\/v2\/product_tag?post=252"}],"curies":[{"name":"wp","href":"https:\/\/api.w.org\/{rel}","templated":true}]}}