{"id":256,"date":"2019-12-05T23:44:09","date_gmt":"2019-12-05T22:44:09","guid":{"rendered":"http:\/\/www.skinfeel.at\/shop\/?post_type=product&#038;p=256"},"modified":"2021-01-11T15:29:45","modified_gmt":"2021-01-11T14:29:45","slug":"damen-slip-der-klassische","status":"publish","type":"product","link":"https:\/\/www.skinfeel.at\/shop\/produkt\/damen-slip-der-klassische\/","title":{"rendered":"Damen \u2013 Slip der Klassische"},"content":{"rendered":"<p>Hochwertiger Slip in formbest\u00e4ndiger Jerseyqualit\u00e4t aus Micromodal\u00ae, hergestellt aus nat\u00fcrlichen Rohstoffen, umschmeichelt die Haut und sorgt f\u00fcr Wohlbefinden. Das weiche, softe Material schmiegt sich an den K\u00f6rper und bietet somit einen optimalen Tragekomfort.<\/p>\n<p>Das Material ist weich wie Seide, anschmiegsam, atmungsaktiv und temperaturausgleichend, bietet optimalen Feuchtigkeitsaustausch und ist auch bei Neurodermitis bestens geeignet. Das in die Faser eingearbeitete Algenextrakt f\u00f6rdert die Hautdurchblutung, wirkt hautschonend, pflegend und unterst\u00fctzt die Selbstheilungskr\u00e4fte der Haut.<\/p>\n<h5>Bitte beachten Sie, dass aus <strong>hygienischen<\/strong> Gr\u00fcnden Slips und Unterhosen nicht umgetauscht und\/oder zur\u00fcckgenommen werden k\u00f6nnen.<\/h5>\n","protected":false},"excerpt":{"rendered":"<ul>\n<li>verdeckter, schmaler Gummi am Bund und Beinausschnitt<\/li>\n<li>mittelhoch geschnitten<\/li>\n<\/ul>\n","protected":false},"featured_media":454,"comment_status":"open","ping_status":"closed","template":"","meta":[],"product_cat":[25,39],"product_tag":[63,43,51,46,53],"jetpack_sharing_enabled":true,"_links":{"self":[{"href":"https:\/\/www.skinfeel.at\/shop\/wp-json\/wp\/v2\/product\/256"}],"collection":[{"href":"https:\/\/www.skinfeel.at\/shop\/wp-json\/wp\/v2\/product"}],"about":[{"href":"https:\/\/www.skinfeel.at\/shop\/wp-json\/wp\/v2\/types\/product"}],"replies":[{"embeddable":true,"href":"https:\/\/www.skinfeel.at\/shop\/wp-json\/wp\/v2\/comments?post=256"}],"version-history":[{"count":1,"href":"https:\/\/www.skinfeel.at\/shop\/wp-json\/wp\/v2\/product\/256\/revisions"}],"predecessor-version":[{"id":590,"href":"https:\/\/www.skinfeel.at\/shop\/wp-json\/wp\/v2\/product\/256\/revisions\/590"}],"wp:featuredmedia":[{"embeddable":true,"href":"https:\/\/www.skinfeel.at\/shop\/wp-json\/wp\/v2\/media\/454"}],"wp:attachment":[{"href":"https:\/\/www.skinfeel.at\/shop\/wp-json\/wp\/v2\/media?parent=256"}],"wp:term":[{"taxonomy":"product_cat","embeddable":true,"href":"https:\/\/www.skinfeel.at\/shop\/wp-json\/wp\/v2\/product_cat?post=256"},{"taxonomy":"product_tag","embeddable":true,"href":"https:\/\/www.skinfeel.at\/shop\/wp-json\/wp\/v2\/product_tag?post=256"}],"curies":[{"name":"wp","href":"https:\/\/api.w.org\/{rel}","templated":true}]}}