{"id":262,"date":"2019-12-05T23:48:11","date_gmt":"2019-12-05T22:48:11","guid":{"rendered":"http:\/\/www.skinfeel.at\/shop\/?post_type=product&#038;p=262"},"modified":"2021-01-11T15:28:19","modified_gmt":"2021-01-11T14:28:19","slug":"damen-slip-der-sportliche","status":"publish","type":"product","link":"https:\/\/www.skinfeel.at\/shop\/produkt\/damen-slip-der-sportliche\/","title":{"rendered":"Damen \u2013 Slip der Sportliche"},"content":{"rendered":"<p>Hochwertiger Damenslip in formbest\u00e4ndiger Jerseyqualit\u00e4t aus Micromodal\u00ae, hergestellt aus nat\u00fcrlichen Rohstoffen, umschmeichelt die Haut und sorgt f\u00fcr Wohlbefinden. Das softe, weiche Material passt sich optimal der K\u00f6rperform an und bietet hervorragenden Tragekomfort.<\/p>\n<p>Das Material ist weich wie Seide, anschmiegsam, atmungsaktiv und temperaturausgleichend, bietet optimalen Feuchtigkeitsaustausch und ist auch bei Neurodermitis bestens geeignet. Das in die Faser eingearbeitete Algenextrakt f\u00f6rdert die Hautdurchblutung, wirkt hautschonend, pflegend und unterst\u00fctzt die Selbstheilungskr\u00e4fte der Haut. Ein weicher, formstabiler Gummibund sorgt f\u00fcr angenehmen Tragekomfort.<\/p>\n<h5>Bitte beachten Sie, dass aus <strong>hygienischen<\/strong> Gr\u00fcnden Slips und Unterhosen nicht umgetauscht und\/oder zur\u00fcckgenommen werden k\u00f6nnen.<\/h5>\n","protected":false},"excerpt":{"rendered":"<ul>\n<li>edler, formstabiler Gummiabschluss am Bund<\/li>\n<li>schmaler, verdeckter Gummiabschluss am Beinausschnitt<\/li>\n<li>schmale H\u00fcfth\u00f6he<\/li>\n<\/ul>\n","protected":false},"featured_media":452,"comment_status":"open","ping_status":"closed","template":"","meta":[],"product_cat":[25,39],"product_tag":[63,43,51,46,53],"jetpack_sharing_enabled":true,"_links":{"self":[{"href":"https:\/\/www.skinfeel.at\/shop\/wp-json\/wp\/v2\/product\/262"}],"collection":[{"href":"https:\/\/www.skinfeel.at\/shop\/wp-json\/wp\/v2\/product"}],"about":[{"href":"https:\/\/www.skinfeel.at\/shop\/wp-json\/wp\/v2\/types\/product"}],"replies":[{"embeddable":true,"href":"https:\/\/www.skinfeel.at\/shop\/wp-json\/wp\/v2\/comments?post=262"}],"version-history":[{"count":1,"href":"https:\/\/www.skinfeel.at\/shop\/wp-json\/wp\/v2\/product\/262\/revisions"}],"predecessor-version":[{"id":554,"href":"https:\/\/www.skinfeel.at\/shop\/wp-json\/wp\/v2\/product\/262\/revisions\/554"}],"wp:featuredmedia":[{"embeddable":true,"href":"https:\/\/www.skinfeel.at\/shop\/wp-json\/wp\/v2\/media\/452"}],"wp:attachment":[{"href":"https:\/\/www.skinfeel.at\/shop\/wp-json\/wp\/v2\/media?parent=262"}],"wp:term":[{"taxonomy":"product_cat","embeddable":true,"href":"https:\/\/www.skinfeel.at\/shop\/wp-json\/wp\/v2\/product_cat?post=262"},{"taxonomy":"product_tag","embeddable":true,"href":"https:\/\/www.skinfeel.at\/shop\/wp-json\/wp\/v2\/product_tag?post=262"}],"curies":[{"name":"wp","href":"https:\/\/api.w.org\/{rel}","templated":true}]}}