{"id":3095,"date":"2021-02-17T16:44:43","date_gmt":"2021-02-17T15:44:43","guid":{"rendered":"https:\/\/www.skinfeel.at\/shop\/?post_type=product&#038;p=3095"},"modified":"2021-04-23T19:12:33","modified_gmt":"2021-04-23T17:12:33","slug":"baby-schlafoverall-bedruckt","status":"publish","type":"product","link":"https:\/\/www.skinfeel.at\/shop\/produkt\/baby-schlafoverall-bedruckt\/","title":{"rendered":"Baby Schlafoverall bedruckt"},"content":{"rendered":"<p>Hochwertiger, entz\u00fcckender Babyoverall in formbest\u00e4ndiger Jerseyqualit\u00e4t aus Micromodal\u00ae, hergestellt aus nat\u00fcrlichen Rohstoffen, umschmeichelt die weiche Haut unserer J\u00fcngsten und sorgt f\u00fcr entspannte Nachtruhe. Der Schlafoverall ist mit einem feinen Rei\u00dfverschluss ausgestattet, der zus\u00e4tzlich, zum Schutz f\u00fcr die besonders zarte Haut der Baby&#8217;s, mit einer Untertrittsleiste unterlegt ist. Ihr Baby wird sich rundherum wohl f\u00fchlen und guter Laune sein.<\/p>\n<p>Der Druck, metallisch gl\u00e4nzend oder bunt schillernd macht den Overall zum einzigartigem Kleidungsst\u00fcck und idealem Geschenk.<\/p>\n<p>Das Material ist weich wie Seide, anschmiegsam, atmungsaktiv und temperaturausgleichend, bietet optimalen Feuchtigkeitsaustausch und ist auch bei Neurodermitis bestens geeignet. Das in die Faser eingearbeitete Algenextrakt f\u00f6rdert die Hautdurchblutung, wirkt hautschonend, pflegend und unterst\u00fctzt die Selbstheilungskr\u00e4fte der Haut.<\/p>\n","protected":false},"excerpt":{"rendered":"<p><strong><span style=\"color: #808080;\">Babyoverall<\/span><\/strong><\/p>\n<ul>\n<li><span style=\"color: #808080;\">feiner, verdeckter Rei\u00dfverschluss\u00a0<\/span><\/li>\n<li><span style=\"color: #808080;\">Untertrittsleiste, zum Schutz f\u00fcr die zarte Babyhaut<\/span><\/li>\n<li><span style=\"color: #808080;\">mit bunten Druck im Vorderteil<\/span><\/li>\n<li><span style=\"text-align: left; color: #808080; text-transform: none; text-indent: 0px; letter-spacing: normal; font-family: -apple-system,BlinkMacSystemFont,'Segoe UI',Roboto,Oxygen-Sans,Ubuntu,Cantarell,'Helvetica Neue',sans-serif; font-size: 16px; font-style: normal; font-variant: normal; font-weight: 400; text-decoration: none; word-spacing: 0px; display: inline !important; white-space: normal; orphans: 2; float: none; -webkit-text-stroke-width: 0px; background-color: #ffffff;\">weiche Abschl\u00fcsse sorgen daf\u00fcr, dass nichts dr\u00fcckt<\/span><\/li>\n<li><span style=\"text-align: left; color: #808080; text-transform: none; text-indent: 0px; letter-spacing: normal; font-family: -apple-system,BlinkMacSystemFont,'Segoe UI',Roboto,Oxygen-Sans,Ubuntu,Cantarell,'Helvetica Neue',sans-serif; font-size: 16px; font-style: normal; font-variant: normal; font-weight: 400; text-decoration: none; word-spacing: 0px; display: inline !important; white-space: normal; orphans: 2; float: none; -webkit-text-stroke-width: 0px; background-color: #ffffff;\">wahlweise mit F\u00fcsschen oder B\u00fcndchen<\/span><\/li>\n<li><span style=\"color: #808080;\">Wenn Sie den Druck &#8222;Name&#8220; gew\u00e4hlt haben, geben Sie den Text f\u00fcr den Druck in der Bestellnotiz (beim Bezahlvorgang) an.<\/span><\/li>\n<\/ul>\n","protected":false},"featured_media":3186,"comment_status":"closed","ping_status":"closed","template":"","meta":[],"product_cat":[15,23,41,42],"product_tag":[47,68,76,43],"jetpack_sharing_enabled":true,"_links":{"self":[{"href":"https:\/\/www.skinfeel.at\/shop\/wp-json\/wp\/v2\/product\/3095"}],"collection":[{"href":"https:\/\/www.skinfeel.at\/shop\/wp-json\/wp\/v2\/product"}],"about":[{"href":"https:\/\/www.skinfeel.at\/shop\/wp-json\/wp\/v2\/types\/product"}],"replies":[{"embeddable":true,"href":"https:\/\/www.skinfeel.at\/shop\/wp-json\/wp\/v2\/comments?post=3095"}],"version-history":[{"count":1,"href":"https:\/\/www.skinfeel.at\/shop\/wp-json\/wp\/v2\/product\/3095\/revisions"}],"predecessor-version":[{"id":3104,"href":"https:\/\/www.skinfeel.at\/shop\/wp-json\/wp\/v2\/product\/3095\/revisions\/3104"}],"wp:featuredmedia":[{"embeddable":true,"href":"https:\/\/www.skinfeel.at\/shop\/wp-json\/wp\/v2\/media\/3186"}],"wp:attachment":[{"href":"https:\/\/www.skinfeel.at\/shop\/wp-json\/wp\/v2\/media?parent=3095"}],"wp:term":[{"taxonomy":"product_cat","embeddable":true,"href":"https:\/\/www.skinfeel.at\/shop\/wp-json\/wp\/v2\/product_cat?post=3095"},{"taxonomy":"product_tag","embeddable":true,"href":"https:\/\/www.skinfeel.at\/shop\/wp-json\/wp\/v2\/product_tag?post=3095"}],"curies":[{"name":"wp","href":"https:\/\/api.w.org\/{rel}","templated":true}]}}