{"id":3216,"date":"2021-04-24T08:19:50","date_gmt":"2021-04-24T06:19:50","guid":{"rendered":"https:\/\/www.skinfeel.at\/shop\/?post_type=product&#038;p=3216"},"modified":"2021-04-24T08:36:11","modified_gmt":"2021-04-24T06:36:11","slug":"damen-sleepshirt-elke-langarm","status":"publish","type":"product","link":"https:\/\/www.skinfeel.at\/shop\/produkt\/damen-sleepshirt-elke-langarm\/","title":{"rendered":"Damen Sleepshirt Elke lang- od. kurzarm"},"content":{"rendered":"<p>Hochwertiges, entz\u00fcckendes Damen Sleepshirt in formbest\u00e4ndiger Jerseyqualit\u00e4t aus Micromodal\u00ae, hergestellt aus nat\u00fcrlichen Rohstoffen,\u00a0 umschmeichelt die Haut und sorgt f\u00fcr entspannte Nachtruhe. Das Nachthemd mit langen \u00c4rmeln h\u00e4lt bei herbstlich k\u00fchlen N\u00e4chten und auch im Winter wohlig warm. Das Nachthemd mit kurzen \u00c4rmeln ist bei lauen und sommerlichen N\u00e4chten dank der temperaturausgleichenden Eigenschaften eine Wohltat.<\/p>\n<p>Das Material ist weich wie Seide, anschmiegsam, atmungsaktiv und temperaturausgleichend, bietet optimalen Feuchtigkeitsaustausch und ist auch bei Neurodermitis bestens geeignet. Das in die Faser eingearbeitete Algenextrakt f\u00f6rdert die Hautdurchblutung, wirkt hautschonend, pflegend und unterst\u00fctzt die Selbstheilungskr\u00e4fte der Haut.<\/p>\n","protected":false},"excerpt":{"rendered":"<p>Nachthemd <strong>Elke<\/strong> langarm oder kurzarm<\/p>\n<ul>\n<li><span style=\"color: #333333;\">mit langen od. kurzen \u00c4rmeln<\/span><\/li>\n<li>B\u00fcndchen an den \u00c4rmeln bei der Langarm Variante<\/li>\n<li><span style=\"color: #333333;\">lockere, weich fallende Passform<\/span><\/li>\n<\/ul>\n","protected":false},"featured_media":3220,"comment_status":"closed","ping_status":"closed","template":"","meta":[],"product_cat":[25,36],"product_tag":[63,61,60,43],"jetpack_sharing_enabled":true,"_links":{"self":[{"href":"https:\/\/www.skinfeel.at\/shop\/wp-json\/wp\/v2\/product\/3216"}],"collection":[{"href":"https:\/\/www.skinfeel.at\/shop\/wp-json\/wp\/v2\/product"}],"about":[{"href":"https:\/\/www.skinfeel.at\/shop\/wp-json\/wp\/v2\/types\/product"}],"replies":[{"embeddable":true,"href":"https:\/\/www.skinfeel.at\/shop\/wp-json\/wp\/v2\/comments?post=3216"}],"version-history":[{"count":1,"href":"https:\/\/www.skinfeel.at\/shop\/wp-json\/wp\/v2\/product\/3216\/revisions"}],"predecessor-version":[{"id":3218,"href":"https:\/\/www.skinfeel.at\/shop\/wp-json\/wp\/v2\/product\/3216\/revisions\/3218"}],"wp:featuredmedia":[{"embeddable":true,"href":"https:\/\/www.skinfeel.at\/shop\/wp-json\/wp\/v2\/media\/3220"}],"wp:attachment":[{"href":"https:\/\/www.skinfeel.at\/shop\/wp-json\/wp\/v2\/media?parent=3216"}],"wp:term":[{"taxonomy":"product_cat","embeddable":true,"href":"https:\/\/www.skinfeel.at\/shop\/wp-json\/wp\/v2\/product_cat?post=3216"},{"taxonomy":"product_tag","embeddable":true,"href":"https:\/\/www.skinfeel.at\/shop\/wp-json\/wp\/v2\/product_tag?post=3216"}],"curies":[{"name":"wp","href":"https:\/\/api.w.org\/{rel}","templated":true}]}}