{"id":338,"date":"2019-12-07T21:51:14","date_gmt":"2019-12-07T20:51:14","guid":{"rendered":"http:\/\/www.skinfeel.at\/shop\/?post_type=product&#038;p=338"},"modified":"2021-10-10T09:15:24","modified_gmt":"2021-10-10T07:15:24","slug":"baby-kurzarmbody-manu-mit-druck","status":"publish","type":"product","link":"https:\/\/www.skinfeel.at\/shop\/produkt\/baby-kurzarmbody-manu-mit-druck\/","title":{"rendered":"Baby \u2013 Body  Manu (mit Druck) kurz- od. langarm"},"content":{"rendered":"<p>Hochwertiger, entz\u00fcckender Babybody in formbest\u00e4ndiger Jerseyqualit\u00e4t aus Micromodal\u00ae, hergestellt aus nat\u00fcrlichen Rohstoffen, umschmeichelt die weiche Haut unserer J\u00fcngsten. Ihr Baby wird sich rundherum wohl f\u00fchlen und guter Laune sein.<\/p>\n<p>Der Druck, metallisch gl\u00e4nzend oder bunt schillernd macht den Body zum einzigartigem Kleidungsst\u00fcck und optimalen Geschenk.<\/p>\n<p>Das Material ist weich wie Seide, anschmiegsam, atmungsaktiv und temperaturausgleichend, bietet optimalen Feuchtigkeitsaustausch und ist auch bei Neurodermitis bestens geeignet. Das in die Faser eingearbeitete Algenextrakt f\u00f6rdert die Hautdurchblutung, wirkt hautschonend, pflegend und unterst\u00fctzt die Selbstheilungskr\u00e4fte der Haut.<\/p>\n","protected":false},"excerpt":{"rendered":"<p><strong><span style=\"color: #808080;\">Baby \u2013 Body Manu<\/span> <\/strong>(mit Druck)<\/p>\n<ul>\n<li><span style=\"text-align: left; color: #808080; text-transform: none; text-indent: 0px; letter-spacing: normal; font-size: 16px; font-style: normal; font-variant: normal; font-weight: 400; text-decoration: none; word-spacing: 0px; display: inline; white-space: normal; orphans: 2; float: none; -webkit-text-stroke-width: 0px; background-color: #ffffff;\">Der Schlupfausschnitt erleichtert das An- u. Ausziehen<\/span><\/li>\n<li><span style=\"text-align: left; color: #808080; text-transform: none; text-indent: 0px; letter-spacing: normal; font-family: -apple-system,BlinkMacSystemFont,'Segoe UI',Roboto,Oxygen-Sans,Ubuntu,Cantarell,'Helvetica Neue',sans-serif; font-size: 16px; font-style: normal; font-variant: normal; font-weight: 400; text-decoration: none; word-spacing: 0px; display: inline !important; white-space: normal; orphans: 2; float: none; -webkit-text-stroke-width: 0px; background-color: #ffffff;\">weiche Abschl\u00fcsse sorgen daf\u00fcr, dass nichts dr\u00fcckt<\/span><\/li>\n<li><span style=\"text-align: left; color: #808080; text-transform: none; text-indent: 0px; letter-spacing: normal; font-family: -apple-system,BlinkMacSystemFont,'Segoe UI',Roboto,Oxygen-Sans,Ubuntu,Cantarell,'Helvetica Neue',sans-serif; font-size: 16px; font-style: normal; font-variant: normal; font-weight: 400; text-decoration: none; word-spacing: 0px; display: inline !important; white-space: normal; orphans: 2; float: none; -webkit-text-stroke-width: 0px; background-color: #ffffff;\">Druckknopfverschluss im Schritt<\/span><\/li>\n<li><span style=\"text-align: left; color: #808080; text-transform: none; text-indent: 0px; letter-spacing: normal; font-family: -apple-system,BlinkMacSystemFont,'Segoe UI',Roboto,Oxygen-Sans,Ubuntu,Cantarell,'Helvetica Neue',sans-serif; font-size: 16px; font-style: normal; font-variant: normal; font-weight: 400; text-decoration: none; word-spacing: 0px; display: inline !important; white-space: normal; orphans: 2; float: none; -webkit-text-stroke-width: 0px; background-color: #ffffff;\">in wei\u00df oder mit bunten Absteppungen erh\u00e4ltlich<\/span><\/li>\n<li><span style=\"text-align: left; color: #808080; text-transform: none; text-indent: 0px; letter-spacing: normal; font-family: -apple-system,BlinkMacSystemFont,'Segoe UI',Roboto,Oxygen-Sans,Ubuntu,Cantarell,'Helvetica Neue',sans-serif; font-size: 16px; font-style: normal; font-variant: normal; font-weight: 400; text-decoration: none; word-spacing: 0px; display: inline !important; white-space: normal; orphans: 2; float: none; -webkit-text-stroke-width: 0px; background-color: #ffffff;\">Wenn Sie den Druck &#8222;Name&#8220; gew\u00e4hlt haben, geben Sie den Text f\u00fcr den Druck in der Bestellnotiz (beim Bezahlvorgang) an<\/span><\/li>\n<\/ul>\n","protected":false},"featured_media":3192,"comment_status":"open","ping_status":"closed","template":"","meta":[],"product_cat":[23,41,27],"product_tag":[47,49,43],"jetpack_sharing_enabled":true,"_links":{"self":[{"href":"https:\/\/www.skinfeel.at\/shop\/wp-json\/wp\/v2\/product\/338"}],"collection":[{"href":"https:\/\/www.skinfeel.at\/shop\/wp-json\/wp\/v2\/product"}],"about":[{"href":"https:\/\/www.skinfeel.at\/shop\/wp-json\/wp\/v2\/types\/product"}],"replies":[{"embeddable":true,"href":"https:\/\/www.skinfeel.at\/shop\/wp-json\/wp\/v2\/comments?post=338"}],"version-history":[{"count":2,"href":"https:\/\/www.skinfeel.at\/shop\/wp-json\/wp\/v2\/product\/338\/revisions"}],"predecessor-version":[{"id":519,"href":"https:\/\/www.skinfeel.at\/shop\/wp-json\/wp\/v2\/product\/338\/revisions\/519"}],"wp:featuredmedia":[{"embeddable":true,"href":"https:\/\/www.skinfeel.at\/shop\/wp-json\/wp\/v2\/media\/3192"}],"wp:attachment":[{"href":"https:\/\/www.skinfeel.at\/shop\/wp-json\/wp\/v2\/media?parent=338"}],"wp:term":[{"taxonomy":"product_cat","embeddable":true,"href":"https:\/\/www.skinfeel.at\/shop\/wp-json\/wp\/v2\/product_cat?post=338"},{"taxonomy":"product_tag","embeddable":true,"href":"https:\/\/www.skinfeel.at\/shop\/wp-json\/wp\/v2\/product_tag?post=338"}],"curies":[{"name":"wp","href":"https:\/\/api.w.org\/{rel}","templated":true}]}}