{"id":526,"date":"2019-12-18T11:39:26","date_gmt":"2019-12-18T10:39:26","guid":{"rendered":"http:\/\/www.skinfeel.at\/shop\/?post_type=product&#038;p=526"},"modified":"2021-06-25T09:16:42","modified_gmt":"2021-06-25T07:16:42","slug":"baby-schlafanzug-antonia-kurzarm","status":"publish","type":"product","link":"https:\/\/www.skinfeel.at\/shop\/produkt\/baby-schlafanzug-antonia-kurzarm\/","title":{"rendered":"Baby &#8211; Schlafanzug Antonia kurzarm"},"content":{"rendered":"<p>Hochwertiger, entz\u00fcckender Babyschlafanzug in formbest\u00e4ndiger Jerseyqualit\u00e4t aus Micromodal\u00ae, hergestellt aus nat\u00fcrlichen Rohstoffen, umschmeichelt die weiche Haut unserer J\u00fcngsten und sorgt f\u00fcr entspannte Nachtruhe. Der Schalfanzug mit kurzen \u00c4rmeln ist besonders f\u00fcr hei\u00dfe Sommern\u00e4chte gedacht. Ihr Baby wird sich rundherum wohl f\u00fchlen und guter Laune sein.<\/p>\n<p>Das Material ist weich wie Seide, anschmiegsam, atmungsaktiv und temperaturausgleichend, bietet optimalen Feuchtigkeitsaustausch und ist auch bei Neurodermitis bestens geeignet. Das in die Faser eingearbeitete Algenextrakt f\u00f6rdert die Hautdurchblutung, wirkt hautschonend, pflegend und unterst\u00fctzt die Selbstheilungskr\u00e4fte der Haut.<\/p>\n","protected":false},"excerpt":{"rendered":"<p><span style=\"color: #808080;\">Baby &#8211; <strong>Schlafanzug Antonia<\/strong> kurzarm<\/span><\/p>\n<ul>\n<li><span style=\"color: #808080;\">Der Schlupfausschnitt erleichtert das An- u. Ausziehen.<\/span><\/li>\n<li><span style=\"text-align: left; color: #808080; text-transform: none; text-indent: 0px; letter-spacing: normal; font-family: -apple-system,BlinkMacSystemFont,'Segoe UI',Roboto,Oxygen-Sans,Ubuntu,Cantarell,'Helvetica Neue',sans-serif; font-size: 16px; font-style: normal; font-variant: normal; font-weight: 400; text-decoration: none; word-spacing: 0px; display: inline !important; white-space: normal; orphans: 2; float: none; -webkit-text-stroke-width: 0px; background-color: #ffffff;\">Der weiche Bund sorgt daf\u00fcr, dass nichts auf das B\u00e4uchlein dr\u00fcckt.<\/span><\/li>\n<li><span style=\"text-align: left; color: #808080; text-transform: none; text-indent: 0px; letter-spacing: normal; font-family: -apple-system,BlinkMacSystemFont,'Segoe UI',Roboto,Oxygen-Sans,Ubuntu,Cantarell,'Helvetica Neue',sans-serif; font-size: 16px; font-style: normal; font-variant: normal; font-weight: 400; text-decoration: none; word-spacing: 0px; display: inline !important; white-space: normal; orphans: 2; float: none; -webkit-text-stroke-width: 0px; background-color: #ffffff;\">Weiche, elastische Abschl\u00fcsse sorgen f\u00fcr besten Komfort.<\/span><\/li>\n<li><span style=\"color: #808080;\">Das Oberteil ziert ein buntes Muster.<\/span><\/li>\n<\/ul>\n","protected":false},"featured_media":3191,"comment_status":"open","ping_status":"closed","template":"","meta":[],"product_cat":[23,41,42],"product_tag":[47,60,67,68,43],"jetpack_sharing_enabled":true,"_links":{"self":[{"href":"https:\/\/www.skinfeel.at\/shop\/wp-json\/wp\/v2\/product\/526"}],"collection":[{"href":"https:\/\/www.skinfeel.at\/shop\/wp-json\/wp\/v2\/product"}],"about":[{"href":"https:\/\/www.skinfeel.at\/shop\/wp-json\/wp\/v2\/types\/product"}],"replies":[{"embeddable":true,"href":"https:\/\/www.skinfeel.at\/shop\/wp-json\/wp\/v2\/comments?post=526"}],"version-history":[{"count":1,"href":"https:\/\/www.skinfeel.at\/shop\/wp-json\/wp\/v2\/product\/526\/revisions"}],"predecessor-version":[{"id":579,"href":"https:\/\/www.skinfeel.at\/shop\/wp-json\/wp\/v2\/product\/526\/revisions\/579"}],"wp:featuredmedia":[{"embeddable":true,"href":"https:\/\/www.skinfeel.at\/shop\/wp-json\/wp\/v2\/media\/3191"}],"wp:attachment":[{"href":"https:\/\/www.skinfeel.at\/shop\/wp-json\/wp\/v2\/media?parent=526"}],"wp:term":[{"taxonomy":"product_cat","embeddable":true,"href":"https:\/\/www.skinfeel.at\/shop\/wp-json\/wp\/v2\/product_cat?post=526"},{"taxonomy":"product_tag","embeddable":true,"href":"https:\/\/www.skinfeel.at\/shop\/wp-json\/wp\/v2\/product_tag?post=526"}],"curies":[{"name":"wp","href":"https:\/\/api.w.org\/{rel}","templated":true}]}}