{"id":535,"date":"2019-12-18T12:27:58","date_gmt":"2019-12-18T11:27:58","guid":{"rendered":"http:\/\/www.skinfeel.at\/shop\/?post_type=product&#038;p=535"},"modified":"2025-11-27T18:00:54","modified_gmt":"2025-11-27T17:00:54","slug":"kinder-shorty-sarah","status":"publish","type":"product","link":"https:\/\/www.skinfeel.at\/shop\/produkt\/kinder-shorty-sarah\/","title":{"rendered":"Kinder &#8211; Shorty Sarah"},"content":{"rendered":"<p>Hochwertiger, entz\u00fcckender Kinder Shorty in formbest\u00e4ndiger Jerseyqualit\u00e4t aus Micromodal\u00ae, hergestellt aus nat\u00fcrlichen Rohstoffen, umschmeichelt die weiche Haut unserer Kinder und sorgt f\u00fcr entspannte Nachtruhe. Ihr Kind wird sich rundherum wohl f\u00fchlen und ist guter Laune. Der Kinder Shorty ist das Ideale f\u00fcr hei\u00dfe Sommern\u00e4chte und laue Abende.<\/p>\n<p>Das Material ist weich wie Seide, anschmiegsam, atmungsaktiv und temperaturausgleichend, bietet optimalen Feuchtigkeitsaustausch und ist auch bei Neurodermitis bestens geeignet. Das in die Faser eingearbeitete Algenextrakt f\u00f6rdert die Hautdurchblutung, wirkt hautschonend, pflegend und unterst\u00fctzt die Selbstheilungskr\u00e4fte der Haut.<\/p>\n","protected":false},"excerpt":{"rendered":"<p><span style=\"color: #808080;\"> Kinder &#8211; <strong>Shorty Sarah<\/strong><\/span><\/p>\n<ul>\n<li><span style=\"color: #808080;\">Oberteil mit Fl\u00fcgel\u00e4rmel<\/span><\/li>\n<li><span style=\"color: #808080;\">kurze Hose<\/span><\/li>\n<li><span style=\"color: #808080;\">Abschlusskanten mit Muschelsaum<\/span><\/li>\n<li><span style=\"color: #808080;\">Spitzenbesatz und Masche am Ausschnitt<\/span><\/li>\n<li><span style=\"color: #808080;\">Lockere, figurumschmeichelnde Form<\/span><\/li>\n<li><span style=\"color: #808080;\">wahlweise mit buntem Muschelsaum<\/span><\/li>\n<\/ul>\n","protected":false},"featured_media":635,"comment_status":"open","ping_status":"closed","template":"","meta":[],"product_cat":[24,31],"product_tag":[44,60,68,59,43],"jetpack_sharing_enabled":true,"_links":{"self":[{"href":"https:\/\/www.skinfeel.at\/shop\/wp-json\/wp\/v2\/product\/535"}],"collection":[{"href":"https:\/\/www.skinfeel.at\/shop\/wp-json\/wp\/v2\/product"}],"about":[{"href":"https:\/\/www.skinfeel.at\/shop\/wp-json\/wp\/v2\/types\/product"}],"replies":[{"embeddable":true,"href":"https:\/\/www.skinfeel.at\/shop\/wp-json\/wp\/v2\/comments?post=535"}],"version-history":[{"count":1,"href":"https:\/\/www.skinfeel.at\/shop\/wp-json\/wp\/v2\/product\/535\/revisions"}],"predecessor-version":[{"id":3492,"href":"https:\/\/www.skinfeel.at\/shop\/wp-json\/wp\/v2\/product\/535\/revisions\/3492"}],"wp:featuredmedia":[{"embeddable":true,"href":"https:\/\/www.skinfeel.at\/shop\/wp-json\/wp\/v2\/media\/635"}],"wp:attachment":[{"href":"https:\/\/www.skinfeel.at\/shop\/wp-json\/wp\/v2\/media?parent=535"}],"wp:term":[{"taxonomy":"product_cat","embeddable":true,"href":"https:\/\/www.skinfeel.at\/shop\/wp-json\/wp\/v2\/product_cat?post=535"},{"taxonomy":"product_tag","embeddable":true,"href":"https:\/\/www.skinfeel.at\/shop\/wp-json\/wp\/v2\/product_tag?post=535"}],"curies":[{"name":"wp","href":"https:\/\/api.w.org\/{rel}","templated":true}]}}