{"id":596,"date":"2019-12-21T10:11:55","date_gmt":"2019-12-21T09:11:55","guid":{"rendered":"http:\/\/www.skinfeel.at\/shop\/?post_type=product&#038;p=596"},"modified":"2021-04-24T08:45:02","modified_gmt":"2021-04-24T06:45:02","slug":"schmusehaserl","status":"publish","type":"product","link":"https:\/\/www.skinfeel.at\/shop\/produkt\/schmusehaserl\/","title":{"rendered":"Schmusehaserl"},"content":{"rendered":"<p>Dieses nette Haserl ist das ideale pers\u00f6nliche Geschenk zur Geburt, Taufe, Geburtstag oder einfach so. Die weiche F\u00fcllung ist besonders gut geeignet f\u00fcr kleine Kinderh\u00e4nde und zaubert ein L\u00e4cheln in das Gesicht Ihres Kindes. Das Haserl gibt es mit besticktem Herz oder mit dem Namen des Kindes. Herrlich weich und pflegeleicht begleitet es das Kind oft ein Leben lang.<\/p>\n","protected":false},"excerpt":{"rendered":"<p><strong>Schmusehaserl<\/strong><\/p>\n<ul>\n<li>Haserl mit besticktem Herz od. mit Namen bestickt<\/li>\n<li>herrlich weiches Material aus Baumwolle u. Polyester<\/li>\n<li>die F\u00fcllung eignet sich besonders gut f\u00fcr kleine H\u00e4nde<\/li>\n<li>waschbar bei 40\u00b0 Feinw\u00e4sche<\/li>\n<li>Bitte geben Sie den Wunschnamen f\u00fcr den Stick in der Bestellnotiz (beim Bezahlvorgang) an<\/li>\n<\/ul>\n","protected":false},"featured_media":608,"comment_status":"open","ping_status":"closed","template":"","meta":[],"product_cat":[23,41],"product_tag":[47,57,58],"jetpack_sharing_enabled":true,"_links":{"self":[{"href":"https:\/\/www.skinfeel.at\/shop\/wp-json\/wp\/v2\/product\/596"}],"collection":[{"href":"https:\/\/www.skinfeel.at\/shop\/wp-json\/wp\/v2\/product"}],"about":[{"href":"https:\/\/www.skinfeel.at\/shop\/wp-json\/wp\/v2\/types\/product"}],"replies":[{"embeddable":true,"href":"https:\/\/www.skinfeel.at\/shop\/wp-json\/wp\/v2\/comments?post=596"}],"version-history":[{"count":1,"href":"https:\/\/www.skinfeel.at\/shop\/wp-json\/wp\/v2\/product\/596\/revisions"}],"predecessor-version":[{"id":765,"href":"https:\/\/www.skinfeel.at\/shop\/wp-json\/wp\/v2\/product\/596\/revisions\/765"}],"wp:featuredmedia":[{"embeddable":true,"href":"https:\/\/www.skinfeel.at\/shop\/wp-json\/wp\/v2\/media\/608"}],"wp:attachment":[{"href":"https:\/\/www.skinfeel.at\/shop\/wp-json\/wp\/v2\/media?parent=596"}],"wp:term":[{"taxonomy":"product_cat","embeddable":true,"href":"https:\/\/www.skinfeel.at\/shop\/wp-json\/wp\/v2\/product_cat?post=596"},{"taxonomy":"product_tag","embeddable":true,"href":"https:\/\/www.skinfeel.at\/shop\/wp-json\/wp\/v2\/product_tag?post=596"}],"curies":[{"name":"wp","href":"https:\/\/api.w.org\/{rel}","templated":true}]}}